{"id":159,"date":"2018-12-21T13:24:53","date_gmt":"2018-12-21T15:24:53","guid":{"rendered":"https:\/\/wp-dev.ufpel.edu.br\/gutenberg\/?page_id=159"},"modified":"2018-12-21T13:24:53","modified_gmt":"2018-12-21T15:24:53","slug":"teste-de-blocos-wp-5-0-2","status":"publish","type":"page","link":"https:\/\/wp-dev.ufpel.edu.br\/gutenberg\/teste-de-blocos-wp-5-0-2\/","title":{"rendered":"Teste de blocos WP 5.0.2"},"content":{"rendered":"\n<p>Galeria:<\/p>\n\n\n\n<ul class=\"wp-block-gallery columns-3 is-cropped wp-block-gallery-1 is-layout-flex wp-block-gallery-is-layout-flex\"><li class=\"blocks-gallery-item\"><figure><img loading=\"lazy\" decoding=\"async\" width=\"399\" height=\"533\" src=\"https:\/\/wp-dev.ufpel.edu.br\/gutenberg\/wp-content\/uploads\/sites\/6\/2018\/12\/CIMG1102_tn.jpg\" alt=\"\" data-id=\"161\" data-link=\"https:\/\/wp-dev.ufpel.edu.br\/gutenberg\/?attachment_id=161\" class=\"wp-image-161\" srcset=\"https:\/\/wp-dev.ufpel.edu.br\/gutenberg\/wp-content\/uploads\/sites\/6\/2018\/12\/CIMG1102_tn.jpg 399w, https:\/\/wp-dev.ufpel.edu.br\/gutenberg\/wp-content\/uploads\/sites\/6\/2018\/12\/CIMG1102_tn-299x400.jpg 299w\" sizes=\"auto, (max-width: 399px) 100vw, 399px\" \/><\/figure><\/li><li class=\"blocks-gallery-item\"><figure><img loading=\"lazy\" decoding=\"async\" width=\"399\" height=\"533\" src=\"https:\/\/wp-dev.ufpel.edu.br\/gutenberg\/wp-content\/uploads\/sites\/6\/2018\/12\/CIMG1114_tn.jpg\" alt=\"\" data-id=\"162\" data-link=\"https:\/\/wp-dev.ufpel.edu.br\/gutenberg\/?attachment_id=162\" class=\"wp-image-162\" srcset=\"https:\/\/wp-dev.ufpel.edu.br\/gutenberg\/wp-content\/uploads\/sites\/6\/2018\/12\/CIMG1114_tn.jpg 399w, https:\/\/wp-dev.ufpel.edu.br\/gutenberg\/wp-content\/uploads\/sites\/6\/2018\/12\/CIMG1114_tn-299x400.jpg 299w\" sizes=\"auto, (max-width: 399px) 100vw, 399px\" \/><figcaption>TK 90X<\/figcaption><\/figure><\/li><li class=\"blocks-gallery-item\"><figure><img loading=\"lazy\" decoding=\"async\" width=\"399\" height=\"533\" src=\"https:\/\/wp-dev.ufpel.edu.br\/gutenberg\/wp-content\/uploads\/sites\/6\/2018\/12\/CIMG1116_tn.jpg\" alt=\"\" data-id=\"163\" data-link=\"https:\/\/wp-dev.ufpel.edu.br\/gutenberg\/?attachment_id=163\" class=\"wp-image-163\" srcset=\"https:\/\/wp-dev.ufpel.edu.br\/gutenberg\/wp-content\/uploads\/sites\/6\/2018\/12\/CIMG1116_tn.jpg 399w, https:\/\/wp-dev.ufpel.edu.br\/gutenberg\/wp-content\/uploads\/sites\/6\/2018\/12\/CIMG1116_tn-299x400.jpg 299w\" sizes=\"auto, (max-width: 399px) 100vw, 399px\" \/><\/figure><\/li><li class=\"blocks-gallery-item\"><figure><img loading=\"lazy\" decoding=\"async\" width=\"399\" height=\"533\" src=\"https:\/\/wp-dev.ufpel.edu.br\/gutenberg\/wp-content\/uploads\/sites\/6\/2018\/12\/CIMG1119_tn.jpg\" alt=\"\" data-id=\"164\" data-link=\"https:\/\/wp-dev.ufpel.edu.br\/gutenberg\/?attachment_id=164\" class=\"wp-image-164\" srcset=\"https:\/\/wp-dev.ufpel.edu.br\/gutenberg\/wp-content\/uploads\/sites\/6\/2018\/12\/CIMG1119_tn.jpg 399w, https:\/\/wp-dev.ufpel.edu.br\/gutenberg\/wp-content\/uploads\/sites\/6\/2018\/12\/CIMG1119_tn-299x400.jpg 299w\" sizes=\"auto, (max-width: 399px) 100vw, 399px\" \/><figcaption>TK 2000 \/\/<\/figcaption><\/figure><\/li><li class=\"blocks-gallery-item\"><figure><img loading=\"lazy\" decoding=\"async\" width=\"399\" height=\"533\" src=\"https:\/\/wp-dev.ufpel.edu.br\/gutenberg\/wp-content\/uploads\/sites\/6\/2018\/04\/CIMG1115_tn.jpg\" alt=\"\" data-id=\"39\" data-link=\"https:\/\/wp-dev.ufpel.edu.br\/gutenberg\/cimg1115_tn\/\" class=\"wp-image-39\" srcset=\"https:\/\/wp-dev.ufpel.edu.br\/gutenberg\/wp-content\/uploads\/sites\/6\/2018\/04\/CIMG1115_tn.jpg 399w, https:\/\/wp-dev.ufpel.edu.br\/gutenberg\/wp-content\/uploads\/sites\/6\/2018\/04\/CIMG1115_tn-299x400.jpg 299w\" sizes=\"auto, (max-width: 399px) 100vw, 399px\" \/><\/figure><\/li><li class=\"blocks-gallery-item\"><figure><img loading=\"lazy\" decoding=\"async\" width=\"399\" height=\"533\" src=\"https:\/\/wp-dev.ufpel.edu.br\/gutenberg\/wp-content\/uploads\/sites\/6\/2018\/12\/CIMG1124_tn.jpg\" alt=\"\" data-id=\"165\" data-link=\"https:\/\/wp-dev.ufpel.edu.br\/gutenberg\/?attachment_id=165\" class=\"wp-image-165\" srcset=\"https:\/\/wp-dev.ufpel.edu.br\/gutenberg\/wp-content\/uploads\/sites\/6\/2018\/12\/CIMG1124_tn.jpg 399w, https:\/\/wp-dev.ufpel.edu.br\/gutenberg\/wp-content\/uploads\/sites\/6\/2018\/12\/CIMG1124_tn-299x400.jpg 299w\" sizes=\"auto, (max-width: 399px) 100vw, 399px\" \/><\/figure><\/li><\/ul>\n\n\n\n<div class=\"wp-block-cover has-background-dim is-layout-flow wp-block-cover-is-layout-flow\" style=\"background-image:url(https:\/\/wp-dev.ufpel.edu.br\/gutenberg\/wp-content\/uploads\/sites\/6\/2018\/12\/DSC_0045.jpg)\"><p class=\"wp-block-cover-text\">Bloco &#8220;Cobertura&#8221;<\/p><\/div>\n\n\n\n<blockquote class=\"wp-block-quote is-layout-flow wp-block-quote-is-layout-flow\"><p>Bloco &#8220;Citar&#8221;<\/p><cite>Estilo &#8220;Regular&#8221;<br><\/cite><\/blockquote>\n\n\n\n<blockquote class=\"wp-block-quote is-style-large is-layout-flow wp-block-quote-is-layout-flow\"><p>Bloco &#8220;Citar&#8221;<\/p><cite>Estilo &#8220;Grande&#8221;<\/cite><\/blockquote>\n\n\n\n<figure class=\"wp-block-pullquote is-style-solid-color\" style=\"background-color:#0070b1\"><blockquote class=\"has-text-color\" style=\"color:#ffffff\"><p>Bloco &#8220;Cita\u00e7\u00e3o&#8221;<\/p><cite>Este \u00e9 o antigo &#8220;pullquote&#8221;, agora com dois estilos tamb\u00e9m<br><\/cite><\/blockquote><\/figure>\n","protected":false},"excerpt":{"rendered":"<p>Galeria: Bloco &#8220;Citar&#8221; Estilo &#8220;Regular&#8221; Bloco &#8220;Citar&#8221; Estilo &#8220;Grande&#8221; Bloco &#8220;Cita\u00e7\u00e3o&#8221; Este \u00e9 o antigo &#8220;pullquote&#8221;, agora com dois estilos tamb\u00e9m<\/p>\n","protected":false},"author":1,"featured_media":0,"parent":0,"menu_order":0,"comment_status":"closed","ping_status":"closed","template":"","meta":{"jetpack_post_was_ever_published":false,"footnotes":""},"class_list":["post-159","page","type-page","status-publish","hentry","entry"],"jetpack_sharing_enabled":true,"_links":{"self":[{"href":"https:\/\/wp-dev.ufpel.edu.br\/gutenberg\/wp-json\/wp\/v2\/pages\/159","targetHints":{"allow":["GET"]}}],"collection":[{"href":"https:\/\/wp-dev.ufpel.edu.br\/gutenberg\/wp-json\/wp\/v2\/pages"}],"about":[{"href":"https:\/\/wp-dev.ufpel.edu.br\/gutenberg\/wp-json\/wp\/v2\/types\/page"}],"author":[{"embeddable":true,"href":"https:\/\/wp-dev.ufpel.edu.br\/gutenberg\/wp-json\/wp\/v2\/users\/1"}],"replies":[{"embeddable":true,"href":"https:\/\/wp-dev.ufpel.edu.br\/gutenberg\/wp-json\/wp\/v2\/comments?post=159"}],"version-history":[{"count":1,"href":"https:\/\/wp-dev.ufpel.edu.br\/gutenberg\/wp-json\/wp\/v2\/pages\/159\/revisions"}],"predecessor-version":[{"id":167,"href":"https:\/\/wp-dev.ufpel.edu.br\/gutenberg\/wp-json\/wp\/v2\/pages\/159\/revisions\/167"}],"wp:attachment":[{"href":"https:\/\/wp-dev.ufpel.edu.br\/gutenberg\/wp-json\/wp\/v2\/media?parent=159"}],"curies":[{"name":"wp","href":"https:\/\/api.w.org\/{rel}","templated":true}]}}