{"id":203,"date":"2019-02-26T10:19:34","date_gmt":"2019-02-26T13:19:34","guid":{"rendered":"https:\/\/wp-dev.ufpel.edu.br\/gutenberg\/?page_id=203"},"modified":"2019-11-21T10:08:27","modified_gmt":"2019-11-21T13:08:27","slug":"blocos-do-core","status":"publish","type":"page","link":"https:\/\/wp-dev.ufpel.edu.br\/gutenberg\/blocos-do-core\/","title":{"rendered":"Blocos do Core"},"content":{"rendered":"\n<h3 class=\"wp-block-heading\">Adicionado no WP 5.3<\/h3>\n\n\n\n<ul class=\"wp-block-list\"><li>Elementos de layout<ul><li>Grupo<\/li><\/ul><\/li><li>Widgets<ul><li>Social links<\/li><\/ul><\/li><\/ul>\n\n\n\n<h3 class=\"wp-block-heading\">Adicionado no WP 5.2<\/h3>\n\n\n\n<ul class=\"wp-block-list\"><li>Widgets<ul><li>Agenda<\/li><li>Nuvem de Tags<\/li><li>Pesquisar<\/li><li>RSS<\/li><\/ul><\/li><\/ul>\n\n\n\n<h3 class=\"wp-block-heading\">WordPress 5.1<\/h3>\n\n\n\n<ul class=\"wp-block-list\"><li>Elementos em linha<ul><li>Imagem em linha<\/li><\/ul><\/li><li>Blocos comuns<ul><li>Par\u00e1grafo<\/li><li>Lista<\/li><li>T\u00edtulo<\/li><li>Galeria<\/li><li>Citar<\/li><li>Cobertura<\/li><li>Arquivo<\/li><li>Imagens<\/li><li>\u00c1udios<\/li><li>V\u00eddeos<\/li><\/ul><\/li><li>Formata\u00e7\u00e3o<ul><li>Cita\u00e7\u00e3o<\/li><li>Tabela<\/li><li>C\u00f3digo<\/li><li>Cl\u00e1ssico<\/li><li>HTML Personalizado<\/li><li>Pr\u00e9-formatado<\/li><li>Verso<\/li><\/ul><\/li><li>Elementos de layout<ul><li>Bot\u00e3o<\/li><li>M\u00eddia e texto<\/li><li>Colunas<\/li><li>Leia mais<\/li><li>Quebra de p\u00e1gina<\/li><li>Separador<\/li><li>Espa\u00e7ador<\/li><\/ul><\/li><li>Widgets<ul><li>Arquivos<\/li><\/ul><ul><li>Categorias<\/li><li>Coment\u00e1rios mais recentes  <\/li><li>Posts mais recentes<\/li><li>Shortcode <\/li><\/ul><\/li><li>C\u00f3digos incorporados<ul><li>WordPress<\/li><li>Twitter<\/li><li>YouTube<\/li><li>M\u00eddia incorporada<\/li><li>Facebook<\/li><li>Instagram<\/li><li>Soundcloud<\/li><li>Spotify<\/li><li>Flickr<\/li><li>Vimeo<\/li><li>Animoto<\/li><li>Cloudup<\/li><li>CollegeHumor<\/li><li>Crowdsignal<\/li><li>Dailymotion<\/li><li>Funny or Die<\/li><li>Hulu<\/li><li>Imgur<\/li><li>Issuu<\/li><li>Kickstarter<\/li><li>Meetup.com<\/li><li>Mixcloud<\/li><li>Photobucket<\/li><li>Reddit<\/li><li>ReverbNation<\/li><li>Screencast<\/li><li>Scribd<\/li><li>Slideshare<\/li><li>SmugMug<\/li><li>Speaker Deck<\/li><li>TED<\/li><li>Tumblr<\/li><li>VideoPress<\/li><li>WordPress.tv<\/li><\/ul><\/li><\/ul>\n\n\n\n<p><\/p>\n","protected":false},"excerpt":{"rendered":"<p>Adicionado no WP 5.3 Elementos de layout Grupo Widgets Social links Adicionado no WP 5.2 Widgets Agenda Nuvem de Tags Pesquisar RSS WordPress 5.1 Elementos em linha Imagem em linha Blocos comuns Par\u00e1grafo Lista T\u00edtulo Galeria Citar Cobertura Arquivo Imagens \u00c1udios V\u00eddeos Formata\u00e7\u00e3o Cita\u00e7\u00e3o Tabela C\u00f3digo Cl\u00e1ssico HTML Personalizado Pr\u00e9-formatado Verso Elementos de layout Bot\u00e3o &hellip; <\/p>\n<p class=\"link-more\"><a href=\"https:\/\/wp-dev.ufpel.edu.br\/gutenberg\/blocos-do-core\/\" class=\"more-link\">Continue lendo<span class=\"screen-reader-text\"> &#8220;Blocos do Core&#8221;<\/span><\/a><\/p>\n","protected":false},"author":1,"featured_media":0,"parent":0,"menu_order":0,"comment_status":"closed","ping_status":"closed","template":"","meta":{"jetpack_post_was_ever_published":false,"footnotes":""},"class_list":["post-203","page","type-page","status-publish","hentry","entry"],"jetpack_sharing_enabled":true,"_links":{"self":[{"href":"https:\/\/wp-dev.ufpel.edu.br\/gutenberg\/wp-json\/wp\/v2\/pages\/203","targetHints":{"allow":["GET"]}}],"collection":[{"href":"https:\/\/wp-dev.ufpel.edu.br\/gutenberg\/wp-json\/wp\/v2\/pages"}],"about":[{"href":"https:\/\/wp-dev.ufpel.edu.br\/gutenberg\/wp-json\/wp\/v2\/types\/page"}],"author":[{"embeddable":true,"href":"https:\/\/wp-dev.ufpel.edu.br\/gutenberg\/wp-json\/wp\/v2\/users\/1"}],"replies":[{"embeddable":true,"href":"https:\/\/wp-dev.ufpel.edu.br\/gutenberg\/wp-json\/wp\/v2\/comments?post=203"}],"version-history":[{"count":5,"href":"https:\/\/wp-dev.ufpel.edu.br\/gutenberg\/wp-json\/wp\/v2\/pages\/203\/revisions"}],"predecessor-version":[{"id":470,"href":"https:\/\/wp-dev.ufpel.edu.br\/gutenberg\/wp-json\/wp\/v2\/pages\/203\/revisions\/470"}],"wp:attachment":[{"href":"https:\/\/wp-dev.ufpel.edu.br\/gutenberg\/wp-json\/wp\/v2\/media?parent=203"}],"curies":[{"name":"wp","href":"https:\/\/api.w.org\/{rel}","templated":true}]}}