{"id":21,"date":"2018-04-19T09:48:35","date_gmt":"2018-04-19T12:48:35","guid":{"rendered":"https:\/\/wp-dev.ufpel.edu.br\/gutenberg\/?page_id=21"},"modified":"2019-02-28T13:04:36","modified_gmt":"2019-02-28T16:04:36","slug":"teste-do-plugin-gutenberg","status":"publish","type":"page","link":"https:\/\/wp-dev.ufpel.edu.br\/gutenberg\/","title":{"rendered":"Teste do novo editor"},"content":{"rendered":"\n<h2 class=\"wp-block-heading\">Novo editor de blocos (aka &#8220;Gutenberg&#8221;)<\/h2>\n\n\n\n<p class=\"wp-block-subhead\">O <strong>WordPress 5.0<\/strong> introduziu um novo editor visual baseado em blocos.<\/p>\n\n\n\n<p>Esta p\u00e1gina foi totalmente criada com o Gutenberg, para explorar as funcionalidades do editor e testar sua compatibilidade com nosso tema <em><strong>UFPel 2.0<\/strong><\/em>\ufeff<\/p>\n\n\n\n<div class=\"wp-block-image alignleft\"><figure class=\"alignleft\"><img loading=\"lazy\" decoding=\"async\" width=\"399\" height=\"533\" src=\"https:\/\/wp-dev.ufpel.edu.br\/gutenberg\/wp-content\/uploads\/sites\/6\/2018\/04\/CIMG1115_tn.jpg\" alt=\"\" class=\"wp-image-39\" srcset=\"https:\/\/wp-dev.ufpel.edu.br\/gutenberg\/wp-content\/uploads\/sites\/6\/2018\/04\/CIMG1115_tn.jpg 399w, https:\/\/wp-dev.ufpel.edu.br\/gutenberg\/wp-content\/uploads\/sites\/6\/2018\/04\/CIMG1115_tn-299x400.jpg 299w\" sizes=\"auto, (max-width: 399px) 100vw, 399px\" \/><figcaption>Inform\u00e1tica nos anos 80<\/figcaption><\/figure><\/div>\n\n\n\n<p>O conte\u00fado do post\/p\u00e1gina agora \u00e9 desmembrado em blocos. Cada par\u00e1grafo deste texto \u00e9 um bloco independente, do tipo <em><strong>Par\u00e1grafo<\/strong><\/em>. A foto ao lado \u00e9 um bloco <em><strong>Imagem<\/strong><\/em>.<\/p>\n\n\n\n<p>Isso permite reordenar os blocos de maneira f\u00e1cil, arrastando e soltando ou clicando nas setas para cima e para baixo \u00e0 esquerda de cada bloco.<\/p>\n\n\n\n<p>A interface com o usu\u00e1rio muda bastante. O editor \u00e9 bem mais &#8220;clean&#8221;, sem uma barra de ferramentas aparente. Os \u00edcones aparecem ao selecionar um texto, ou colocar o cursor do mouse sobre um determinado bloco, e mostram apenas as ferramentas dispon\u00edveis para aquele bloco espec\u00edfico.<\/p>\n\n\n\n<p>Para digitar um texto simples h\u00e1 pouca mudan\u00e7a. Pressionar a tecla <em><strong>Enter<\/strong><\/em> cria automaticamente um novo bloco do tipo <strong>Par\u00e1grafo<\/strong>.<br>A combina\u00e7\u00e3o de teclas <em><strong>Shift+Enter<\/strong><\/em> continua funcionando para criar uma quebra de linha dentro do par\u00e1grafo (como esta).<\/p>\n\n\n\n<p>&#8220;Metaboxes&#8221; como <em><strong>Imagem destacada<\/strong><\/em> e <em><strong>Atributos da p\u00e1gina<\/strong><\/em> agora s\u00e3o apresentados em um estilo <em>accordion<\/em>, semelhante aos pain\u00e9is do <em><strong>Personalizar<\/strong><\/em>. \u00c9 necess\u00e1rio clicar para expandir o bloco e ter acesso \u00e0s op\u00e7\u00f5es de configura\u00e7\u00e3o. H\u00e1 menos informa\u00e7\u00f5es dispon\u00edveis simult\u00e2neamente, deixando a tela com uma apar\u00eancia mais organizada, por\u00e9m isso pode dificultar a localiza\u00e7\u00e3o de algumas op\u00e7\u00f5es.<\/p>\n","protected":false},"excerpt":{"rendered":"<p>Novo editor de blocos (aka &#8220;Gutenberg&#8221;) Esta p\u00e1gina foi totalmente criada com o Gutenberg, para explorar as funcionalidades do editor e testar sua compatibilidade com nosso tema UFPel 2.0\ufeff O conte\u00fado do post\/p\u00e1gina agora \u00e9 desmembrado em blocos. Cada par\u00e1grafo deste texto \u00e9 um bloco independente, do tipo Par\u00e1grafo. A foto ao lado \u00e9 um &hellip; <\/p>\n<p class=\"link-more\"><a href=\"https:\/\/wp-dev.ufpel.edu.br\/gutenberg\/\" class=\"more-link\">Continue lendo<span class=\"screen-reader-text\"> &#8220;Teste do novo editor&#8221;<\/span><\/a><\/p>\n","protected":false},"author":1,"featured_media":0,"parent":0,"menu_order":0,"comment_status":"closed","ping_status":"closed","template":"","meta":{"jetpack_post_was_ever_published":false,"footnotes":""},"class_list":["post-21","page","type-page","status-publish","hentry","entry"],"jetpack_sharing_enabled":true,"_links":{"self":[{"href":"https:\/\/wp-dev.ufpel.edu.br\/gutenberg\/wp-json\/wp\/v2\/pages\/21","targetHints":{"allow":["GET"]}}],"collection":[{"href":"https:\/\/wp-dev.ufpel.edu.br\/gutenberg\/wp-json\/wp\/v2\/pages"}],"about":[{"href":"https:\/\/wp-dev.ufpel.edu.br\/gutenberg\/wp-json\/wp\/v2\/types\/page"}],"author":[{"embeddable":true,"href":"https:\/\/wp-dev.ufpel.edu.br\/gutenberg\/wp-json\/wp\/v2\/users\/1"}],"replies":[{"embeddable":true,"href":"https:\/\/wp-dev.ufpel.edu.br\/gutenberg\/wp-json\/wp\/v2\/comments?post=21"}],"version-history":[{"count":88,"href":"https:\/\/wp-dev.ufpel.edu.br\/gutenberg\/wp-json\/wp\/v2\/pages\/21\/revisions"}],"predecessor-version":[{"id":290,"href":"https:\/\/wp-dev.ufpel.edu.br\/gutenberg\/wp-json\/wp\/v2\/pages\/21\/revisions\/290"}],"wp:attachment":[{"href":"https:\/\/wp-dev.ufpel.edu.br\/gutenberg\/wp-json\/wp\/v2\/media?parent=21"}],"curies":[{"name":"wp","href":"https:\/\/api.w.org\/{rel}","templated":true}]}}