{"id":231,"date":"2019-02-26T11:40:15","date_gmt":"2019-02-26T14:40:15","guid":{"rendered":"https:\/\/wp-dev.ufpel.edu.br\/gutenberg\/?page_id=231"},"modified":"2021-04-26T12:42:42","modified_gmt":"2021-04-26T15:42:42","slug":"plugin-advanced-gutenberg","status":"publish","type":"page","link":"https:\/\/wp-dev.ufpel.edu.br\/gutenberg\/plugin-advanced-gutenberg\/","title":{"rendered":"Plugin PublishPress Blocks (antigo Advanced Gutenberg)"},"content":{"rendered":"\n<div class=\"wp-block-advgb-accordions advgb-accordion-wrapper\" data-collapsed=\"true\">\n<div class=\"wp-block-advgb-accordion-item advgb-accordion-item\" style=\"margin-bottom:15px\"><div class=\"advgb-accordion-header\" style=\"background-color:#000;color:#eee;border-style:solid;border-radius:2px\"><span class=\"advgb-accordion-header-icon\"><svg fill=\"#fff\" xmlns=\"http:\/\/www.w3.org\/2000\/svg\" width=\"24\" height=\"24\" viewbox=\"0 0 24 24\"><path fill=\"none\" d=\"M0,0h24v24H0V0z\"><\/path><path d=\"M12,5.83L15.17,9l1.41-1.41L12,3L7.41,7.59L8.83,9L12,5.83z M12,18.17L8.83,15l-1.41,1.41L12,21l4.59-4.59L15.17,15 L12,18.17z\"><\/path><\/svg><\/span><h4 class=\"advgb-accordion-header-title\" style=\"color:inherit\">Sum\u00e1rio de posts<\/h4><\/div><div class=\"advgb-accordion-body\" style=\"border-style:solid;border-radius:2px\">\n<ul class=\"wp-block-list\"><li>Advanced Accordion <strong><mark class=\"kt-highlight\">(este bloco)<\/mark><\/strong><\/li><li>Advanced Button<\/li><li><a href=\"#advanced-image\">Advanced Image<\/a><\/li><li><a href=\"#advanced-list\">Advanced List<\/a><\/li><li><a href=\"#advanced-table\">Advanced Table<\/a><\/li><li><a href=\"#advanced-tabs\">Advanced Tabs<\/a><\/li><li>Advanced Video<\/li><li>Columns Manager<\/li><li>Contact Form<\/li><li>Count Up<\/li><li><a href=\"#image-slider\">Images Slider<\/a><\/li><li>Login\/Register Form<\/li><li>Map<\/li><li>Newsletter<\/li><li><a href=\"#recent-posts\">Recent Posts<\/a><\/li><li>Search Bar<\/li><li>Social Links<\/li><li>Summary<\/li><li>Testimonial<\/li><li>Woo Products<\/li><\/ul>\n<\/div><\/div>\n<\/div>\n\n\n\n<h4 class=\"wp-block-heading\">Nenhum dos blocos parece ter op\u00e7\u00e3o de largura ampla ou total.<\/h4>\n\n\n\n<h2 class=\"wp-block-heading\" id=\"advanced-table\">Advanced Table<\/h2>\n\n\n\n<table class=\"wp-block-advgb-table advgb-table-frontend\"><thead><tr><td> Servidor <\/td><td> Segunda <\/td><td> Ter\u00e7a <\/td><td> Quarta <\/td><td> Quinta <\/td><td> Sexta <\/td><\/tr><\/thead><tbody><tr><td style=\"border-width:1px\">Fulano<\/td><td style=\"border-width:1px\">8:00 &#8211; 14:00<\/td><td style=\"border-width:1px;border-style:solid\">14:00 &#8211; 20:00<\/td><td style=\"border-width:1px\">8:00 &#8211; 14:00<\/td><td style=\"border-width:1px\">14:00 &#8211; 20:00<\/td><td style=\"border-width:1px\">8:00 &#8211; 14:00<\/td><\/tr><tr><td style=\"border-width:1px\">Beltrano<\/td><td style=\"border-width:1px\">12:00 &#8211; 18:00<\/td><td style=\"border-width:1px\">10:00 &#8211; 16:00<\/td><td style=\"border-width:1px\">14:00 &#8211; 20:00<\/td><td style=\"border-width:1px\">10:00 &#8211; 16:00<\/td><td style=\"border-width:1px\">14:00 &#8211; 20:00<\/td><\/tr><\/tbody><\/table>\n\n\n\n<h2 class=\"wp-block-heading\" id=\"advanced-image\">Advanced Image<\/h2>\n\n\n\n<div class=\"wp-block-advgb-image advgb-image-block advgb-lightbox advgb-img-e6899899-3e9a-4569-b032-ad3d3f3b6afd\" style=\"background-image:url(https:\/\/wp-dev.ufpel.edu.br\/gutenberg\/wp-content\/uploads\/sites\/6\/2019\/02\/a137-portal.jpg);height:500px;width:500px;justify-content:center;align-items:center\" data-image=\"https:\/\/wp-dev.ufpel.edu.br\/gutenberg\/wp-content\/uploads\/sites\/6\/2019\/02\/a137-portal.jpg\"><a class=\"advgb-image-overlay\" style=\"background-color:#2196f3\" target=\"_blank\" rel=\"noopener noreferrer\"><\/a><h4 class=\"advgb-image-title\" style=\"color:#fff\">Image title<\/h4><p class=\"advgb-image-subtitle\" style=\"color:#fff\">Your subtitle here<\/p><\/div>\n\n\n\n<h2 class=\"wp-block-heading\" id=\"advanced-list\">Advanced List<\/h2>\n\n\n\n<div class=\"wp-block-advgb-list\"><ul class=\"advgblist-cb8d2db6-aee1-4ab2-8c53-2dabe52a88f2 advgb-list advgb-list-admin-post\"><li>Item de lista<\/li><li>Item de lista <\/li><li>Item de lista <\/li><li>Item de lista <\/li><\/ul><\/div>\n\n\n\n<h2 class=\"wp-block-heading\" id=\"advanced-tabs\">Advanced Tabs<\/h2>\n\n\n\n<div id=\"advgb-tabs-63d466ef-4890-43a8-acec-953893f03266\" class=\"wp-block-advgb-adv-tabs advgb-tabs-wrapper advgb-tab-vert-desktop advgb-tab-vert-tablet advgb-tab-stack-mobile\" data-tab-active=\"0\"><ul class=\"advgb-tabs-panel\"><li class=\"advgb-tab\" style=\"background-color:#e0e0e0;border-style:solid;border-width:1px;border-radius:10px\"><a href=\"#advgb-tabs-63d466ef-4890-43a8-acec-953893f03266-0\" style=\"color:#fff\"><span>Aba 1<\/span><\/a><\/li><li class=\"advgb-tab\" style=\"background-color:#e0e0e0;border-style:solid;border-width:1px;border-radius:10px\"><a href=\"#advgb-tabs-63d466ef-4890-43a8-acec-953893f03266-1\" style=\"color:#fff\"><span>Aba 2<\/span><\/a><\/li><li class=\"advgb-tab\" style=\"background-color:#e0e0e0;border-style:solid;border-width:1px;border-radius:10px\"><a href=\"#advgb-tabs-63d466ef-4890-43a8-acec-953893f03266-2\" style=\"color:#fff\"><span>Aba 3<\/span><\/a><\/li><\/ul><div class=\"advgb-tab-body-wrapper\" style=\"border-style:solid;border-width:1px;border-radius:10px\">\n<div class=\"wp-block-advgb-tab advgb-tab-body-container\"><div class=\"advgb-tab-body-header\">Aba 1<\/div><div class=\"advgb-tab-body\" id=\"advgb-tabs-63d466ef-4890-43a8-acec-953893f03266-0\">\n<p>Possui op\u00e7\u00f5es de abas horizontais ou verticais, com layouts independentes para desktop, tablet e mobile.<\/p>\n<\/div><\/div>\n\n\n\n<div class=\"wp-block-advgb-tab advgb-tab-body-container\"><div class=\"advgb-tab-body-header\">Aba 2<\/div><div class=\"advgb-tab-body\" id=\"advgb-tabs-63d466ef-4890-43a8-acec-953893f03266-1\">\n<p>Dentro das abas podem ser adicionados outros blocos de conte\u00fado&#8230;<\/p>\n<\/div><\/div>\n\n\n\n<div class=\"wp-block-advgb-tab advgb-tab-body-container\"><div class=\"advgb-tab-body-header\">Aba 3<\/div><div class=\"advgb-tab-body\" id=\"advgb-tabs-63d466ef-4890-43a8-acec-953893f03266-2\">\n<p>&#8230;como uma imagem, por exemplo:<\/p>\n\n\n\n<figure class=\"wp-block-image size-large\"><img loading=\"lazy\" decoding=\"async\" width=\"1024\" height=\"684\" src=\"https:\/\/wp-dev.ufpel.edu.br\/gutenberg\/wp-content\/uploads\/sites\/6\/2019\/04\/LHD-1024x684.jpg\" alt=\"\" class=\"wp-image-331\" srcset=\"https:\/\/wp-dev.ufpel.edu.br\/gutenberg\/wp-content\/uploads\/sites\/6\/2019\/04\/LHD-1024x684.jpg 1024w, https:\/\/wp-dev.ufpel.edu.br\/gutenberg\/wp-content\/uploads\/sites\/6\/2019\/04\/LHD-400x267.jpg 400w, https:\/\/wp-dev.ufpel.edu.br\/gutenberg\/wp-content\/uploads\/sites\/6\/2019\/04\/LHD-768x513.jpg 768w, https:\/\/wp-dev.ufpel.edu.br\/gutenberg\/wp-content\/uploads\/sites\/6\/2019\/04\/LHD.jpg 1615w\" sizes=\"auto, (max-width: 1024px) 100vw, 1024px\" \/><\/figure>\n<\/div><\/div>\n<\/div><\/div>\n\n\n\n<h2 class=\"wp-block-heading\" id=\"image-slider\">Images slider<\/h2>\n\n\n\n<div class=\"wp-block-advgb-images-slider advgb-images-slider-block advgb-images-slider-lightbox\"><div class=\"advgb-images-slider\"><div class=\"advgb-image-slider-item\"><img decoding=\"async\" src=\"https:\/\/wp-dev.ufpel.edu.br\/gutenberg\/wp-content\/uploads\/sites\/6\/2018\/12\/CIMG1119_tn.jpg\" class=\"advgb-image-slider-img\" alt=\"Slider image\" style=\"width:700px;height:auto\"\/><div class=\"advgb-image-slider-item-info\" style=\"justify-content:center;align-items:center\"><a class=\"advgb-image-slider-overlay\" target=\"_blank\" rel=\"noopener noreferrer\"><\/a><\/div><\/div><div class=\"advgb-image-slider-item\"><img decoding=\"async\" src=\"https:\/\/wp-dev.ufpel.edu.br\/gutenberg\/wp-content\/uploads\/sites\/6\/2018\/12\/CIMG1124_tn.jpg\" class=\"advgb-image-slider-img\" alt=\"Slider image\" style=\"width:700px;height:auto\"\/><div class=\"advgb-image-slider-item-info\" style=\"justify-content:center;align-items:center\"><a class=\"advgb-image-slider-overlay\" target=\"_blank\" rel=\"noopener noreferrer\"><\/a><\/div><\/div><div class=\"advgb-image-slider-item\"><img decoding=\"async\" src=\"https:\/\/wp-dev.ufpel.edu.br\/gutenberg\/wp-content\/uploads\/sites\/6\/2018\/12\/CIMG1114_tn.jpg\" class=\"advgb-image-slider-img\" alt=\"Slider image\" style=\"width:700px;height:auto\"\/><div class=\"advgb-image-slider-item-info\" style=\"justify-content:center;align-items:center\"><a class=\"advgb-image-slider-overlay\" target=\"_blank\" rel=\"noopener noreferrer\"><\/a><\/div><\/div><div class=\"advgb-image-slider-item\"><img decoding=\"async\" src=\"https:\/\/wp-dev.ufpel.edu.br\/gutenberg\/wp-content\/uploads\/sites\/6\/2018\/12\/CIMG1116_tn.jpg\" class=\"advgb-image-slider-img\" alt=\"Slider image\" style=\"width:700px;height:auto\"\/><div class=\"advgb-image-slider-item-info\" style=\"justify-content:center;align-items:center\"><a class=\"advgb-image-slider-overlay\" target=\"_blank\" rel=\"noopener noreferrer\"><\/a><\/div><\/div><\/div><\/div>\n\n\n\n<h2 class=\"wp-block-heading\" id=\"recent-posts\">Recent posts<\/h2>\n\n\n\n<p>Possui op\u00e7\u00f5es de visualiza\u00e7\u00e3o em grid, lista ou slider (abaixo)<\/p>\n\n\n","protected":false},"excerpt":{"rendered":"<p>Nenhum dos blocos parece ter op\u00e7\u00e3o de largura ampla ou total. Advanced Table Advanced Image Advanced List Advanced Tabs Images slider Recent posts Possui op\u00e7\u00f5es de visualiza\u00e7\u00e3o em grid, lista ou slider (abaixo)<\/p>\n","protected":false},"author":1,"featured_media":0,"parent":0,"menu_order":0,"comment_status":"closed","ping_status":"closed","template":"","meta":{"jetpack_post_was_ever_published":false,"footnotes":""},"class_list":["post-231","page","type-page","status-publish","hentry","entry"],"jetpack_sharing_enabled":true,"_links":{"self":[{"href":"https:\/\/wp-dev.ufpel.edu.br\/gutenberg\/wp-json\/wp\/v2\/pages\/231","targetHints":{"allow":["GET"]}}],"collection":[{"href":"https:\/\/wp-dev.ufpel.edu.br\/gutenberg\/wp-json\/wp\/v2\/pages"}],"about":[{"href":"https:\/\/wp-dev.ufpel.edu.br\/gutenberg\/wp-json\/wp\/v2\/types\/page"}],"author":[{"embeddable":true,"href":"https:\/\/wp-dev.ufpel.edu.br\/gutenberg\/wp-json\/wp\/v2\/users\/1"}],"replies":[{"embeddable":true,"href":"https:\/\/wp-dev.ufpel.edu.br\/gutenberg\/wp-json\/wp\/v2\/comments?post=231"}],"version-history":[{"count":14,"href":"https:\/\/wp-dev.ufpel.edu.br\/gutenberg\/wp-json\/wp\/v2\/pages\/231\/revisions"}],"predecessor-version":[{"id":91865,"href":"https:\/\/wp-dev.ufpel.edu.br\/gutenberg\/wp-json\/wp\/v2\/pages\/231\/revisions\/91865"}],"wp:attachment":[{"href":"https:\/\/wp-dev.ufpel.edu.br\/gutenberg\/wp-json\/wp\/v2\/media?parent=231"}],"curies":[{"name":"wp","href":"https:\/\/api.w.org\/{rel}","templated":true}]}}