{"id":316,"date":"2019-04-03T11:56:15","date_gmt":"2019-04-03T14:56:15","guid":{"rendered":"https:\/\/wp-dev.ufpel.edu.br\/gutenberg\/?page_id=316"},"modified":"2019-04-03T11:56:16","modified_gmt":"2019-04-03T14:56:16","slug":"servidores","status":"publish","type":"page","link":"https:\/\/wp-dev.ufpel.edu.br\/gutenberg\/servidores\/","title":{"rendered":"Servidores"},"content":{"rendered":"\n<h2 class=\"wp-block-heading\">Coordena\u00e7\u00e3o de Sistemas de Informa\u00e7\u00e3o<\/h2>\n\n\n<div class=\"dados-cobalto cobalto-lista-servidores\"><table class=\"tabela-grid\"><tr><td><div class=\"servidor-foto\"><a href=\"https:\/\/institucional.ufpel.edu.br\/servidores\/id\/24144\" target=\"_blank\"><img decoding=\"async\" src=\"https:\/\/institucional.ufpel.edu.br\/cache\/imagens\/1c0101ba-47e6-4829-bae5-56f60cb9f5db\"><\/a><\/div><a href=\"https:\/\/institucional.ufpel.edu.br\/servidores\/id\/24144\" target=\"_blank\"><span class=\"tabela-detalhe-titulo\">ALFREDO LUIZ DA COSTA TILLMANN<\/span><span class=\"cobalto-label\">Ouvidor Substituto &#8211; Ouvidoria<\/span><\/td><\/tr><tr><td><div class=\"servidor-foto\"><a href=\"https:\/\/institucional.ufpel.edu.br\/servidores\/id\/2606\" target=\"_blank\"><img decoding=\"async\" src=\"https:\/\/institucional.ufpel.edu.br\/cache\/imagens\/67e3f1fe-e0ba-4c32-aae3-4f69d63bf0d6\"><\/a><\/div><a href=\"https:\/\/institucional.ufpel.edu.br\/servidores\/id\/2606\" target=\"_blank\"><span class=\"tabela-detalhe-titulo\">AMANDA ARGOU CARDOZO<\/span><\/td><\/tr><tr><td><div class=\"servidor-foto\"><a href=\"https:\/\/institucional.ufpel.edu.br\/servidores\/id\/2262\" target=\"_blank\"><img decoding=\"async\" src=\"https:\/\/institucional.ufpel.edu.br\/cache\/imagens\/48475e4c-0ded-48a5-aeb5-67c1879abf1d\"><\/a><\/div><a href=\"https:\/\/institucional.ufpel.edu.br\/servidores\/id\/2262\" target=\"_blank\"><span class=\"tabela-detalhe-titulo\">CASSIO SOARES CARVALHO<\/span><\/td><\/tr><tr><td><div class=\"servidor-foto\"><a href=\"https:\/\/institucional.ufpel.edu.br\/servidores\/id\/153042\" target=\"_blank\"><\/a><\/div><a href=\"https:\/\/institucional.ufpel.edu.br\/servidores\/id\/153042\" target=\"_blank\"><span class=\"tabela-detalhe-titulo\">DIEGO SARAIVA DE OLIVEIRA<\/span><\/td><\/tr><tr><td><div class=\"servidor-foto\"><a href=\"https:\/\/institucional.ufpel.edu.br\/servidores\/id\/17840\" target=\"_blank\"><img decoding=\"async\" src=\"https:\/\/institucional.ufpel.edu.br\/cache\/imagens\/d6d0769f-f4df-40ca-8aee-aabfc8d1e8d8\"><\/a><\/div><a href=\"https:\/\/institucional.ufpel.edu.br\/servidores\/id\/17840\" target=\"_blank\"><span class=\"tabela-detalhe-titulo\">DIOGO VEBER LIMA<\/span><\/td><\/tr><tr><td><div class=\"servidor-foto\"><a href=\"https:\/\/institucional.ufpel.edu.br\/servidores\/id\/9677\" target=\"_blank\"><img decoding=\"async\" src=\"https:\/\/institucional.ufpel.edu.br\/cache\/imagens\/c2f06865-04ad-4645-b870-fa6c8c0b1097\"><\/a><\/div><a href=\"https:\/\/institucional.ufpel.edu.br\/servidores\/id\/9677\" target=\"_blank\"><span class=\"tabela-detalhe-titulo\">FABR\u00cdCIO GONZALES SCAGLIONI<\/span><\/td><\/tr><tr><td><div class=\"servidor-foto\"><a href=\"https:\/\/institucional.ufpel.edu.br\/servidores\/id\/134459\" target=\"_blank\"><img decoding=\"async\" src=\"https:\/\/institucional.ufpel.edu.br\/cache\/imagens\/3e8b3349-431d-46db-afd8-a14adfd28737\"><\/a><\/div><a href=\"https:\/\/institucional.ufpel.edu.br\/servidores\/id\/134459\" target=\"_blank\"><span class=\"tabela-detalhe-titulo\">FELIPE LEM\u00d5ES HAERTEL<\/span><\/td><\/tr><tr><td><div class=\"servidor-foto\"><a href=\"https:\/\/institucional.ufpel.edu.br\/servidores\/id\/12971\" target=\"_blank\"><\/a><\/div><a href=\"https:\/\/institucional.ufpel.edu.br\/servidores\/id\/12971\" target=\"_blank\"><span class=\"tabela-detalhe-titulo\">GUSTAVO LIMA DE MAGALH\u00c3ES<\/span><\/td><\/tr><tr><td><div class=\"servidor-foto\"><a href=\"https:\/\/institucional.ufpel.edu.br\/servidores\/id\/29272\" target=\"_blank\"><img decoding=\"async\" src=\"https:\/\/institucional.ufpel.edu.br\/cache\/imagens\/6633bd1a-9246-427f-8c38-5580704bc077\"><\/a><\/div><a href=\"https:\/\/institucional.ufpel.edu.br\/servidores\/id\/29272\" target=\"_blank\"><span class=\"tabela-detalhe-titulo\">HENRIQUE AVILA VIANNA<\/span><\/td><\/tr><tr><td><div class=\"servidor-foto\"><a href=\"https:\/\/institucional.ufpel.edu.br\/servidores\/id\/68704\" target=\"_blank\"><\/a><\/div><a href=\"https:\/\/institucional.ufpel.edu.br\/servidores\/id\/68704\" target=\"_blank\"><span class=\"tabela-detalhe-titulo\">JERONIMO DA CUNHA RAMOS<\/span><\/td><\/tr><tr><td><div class=\"servidor-foto\"><a href=\"https:\/\/institucional.ufpel.edu.br\/servidores\/id\/27370\" target=\"_blank\"><\/a><\/div><a href=\"https:\/\/institucional.ufpel.edu.br\/servidores\/id\/27370\" target=\"_blank\"><span class=\"tabela-detalhe-titulo\">JOS\u00c9 HIRAM SALENGUE NOGUEZ<\/span><span class=\"cobalto-label\">Coordenador &#8211; CSI<\/span><\/td><\/tr><tr><td><div class=\"servidor-foto\"><a href=\"https:\/\/institucional.ufpel.edu.br\/servidores\/id\/15178\" target=\"_blank\"><img decoding=\"async\" src=\"https:\/\/institucional.ufpel.edu.br\/cache\/imagens\/9f1fced1-842b-43af-9b75-94bb0405d76f\"><\/a><\/div><a href=\"https:\/\/institucional.ufpel.edu.br\/servidores\/id\/15178\" target=\"_blank\"><span class=\"tabela-detalhe-titulo\">LEANDRO STACHOVSKI GARCIA<\/span><span class=\"cobalto-label\">Chefe &#8211; SPAD<\/span><\/td><\/tr><tr><td><div class=\"servidor-foto\"><a href=\"https:\/\/institucional.ufpel.edu.br\/servidores\/id\/139218\" target=\"_blank\"><img decoding=\"async\" src=\"https:\/\/institucional.ufpel.edu.br\/cache\/imagens\/0d17dfc3-eade-4126-a362-0f2e226022e6\"><\/a><\/div><a href=\"https:\/\/institucional.ufpel.edu.br\/servidores\/id\/139218\" target=\"_blank\"><span class=\"tabela-detalhe-titulo\">LEANDRO WEIGE DIAS<\/span><\/td><\/tr><tr><td><div class=\"servidor-foto\"><a href=\"https:\/\/institucional.ufpel.edu.br\/servidores\/id\/17842\" target=\"_blank\"><\/a><\/div><a href=\"https:\/\/institucional.ufpel.edu.br\/servidores\/id\/17842\" target=\"_blank\"><span class=\"tabela-detalhe-titulo\">MARCELO ALCANTARA BORGES<\/span><\/td><\/tr><tr><td><div class=\"servidor-foto\"><a href=\"https:\/\/institucional.ufpel.edu.br\/servidores\/id\/147322\" target=\"_blank\"><img decoding=\"async\" src=\"https:\/\/institucional.ufpel.edu.br\/cache\/imagens\/25cae9b8-320d-4d55-8ee7-37c5f4f48dc6\"><\/a><\/div><a href=\"https:\/\/institucional.ufpel.edu.br\/servidores\/id\/147322\" target=\"_blank\"><span class=\"tabela-detalhe-titulo\">PEDRO THIAGO DO NASCIMENTO MOREIRA ROQUE<\/span><\/td><\/tr><tr><td><div class=\"servidor-foto\"><a href=\"https:\/\/institucional.ufpel.edu.br\/servidores\/id\/157484\" target=\"_blank\"><img decoding=\"async\" src=\"https:\/\/institucional.ufpel.edu.br\/cache\/imagens\/9eb66688-600f-45b0-99db-c889c6340988\"><\/a><\/div><a href=\"https:\/\/institucional.ufpel.edu.br\/servidores\/id\/157484\" target=\"_blank\"><span class=\"tabela-detalhe-titulo\">THOMAS DE AGUIAR DE OLIVEIRA<\/span><span class=\"cobalto-label\">Chefe &#8211; SPW<\/span><\/td><\/tr><tr><td><div class=\"servidor-foto\"><a href=\"https:\/\/institucional.ufpel.edu.br\/servidores\/id\/17346\" target=\"_blank\"><img decoding=\"async\" src=\"https:\/\/institucional.ufpel.edu.br\/cache\/imagens\/b17b55d5-b413-424a-9545-d162b3592dc8\"><\/a><\/div><a href=\"https:\/\/institucional.ufpel.edu.br\/servidores\/id\/17346\" target=\"_blank\"><span class=\"tabela-detalhe-titulo\">VANDERSON OLIVEIRA DA SILVA<\/span><span class=\"cobalto-label\">Chefe &#8211; SPAC<\/span><\/td><\/tr><tr><td><div class=\"servidor-foto\"><a href=\"https:\/\/institucional.ufpel.edu.br\/servidores\/id\/223939\" target=\"_blank\"><img decoding=\"async\" src=\"https:\/\/institucional.ufpel.edu.br\/cache\/imagens\/75ca92a1-0649-4fb3-bba3-5907985844ca\"><\/a><\/div><a href=\"https:\/\/institucional.ufpel.edu.br\/servidores\/id\/223939\" target=\"_blank\"><span class=\"tabela-detalhe-titulo\">VINICIUS SILVA CONEDERA<\/span><\/td><\/tr><tr><td><div class=\"servidor-foto\"><a href=\"https:\/\/institucional.ufpel.edu.br\/servidores\/id\/9156\" target=\"_blank\"><\/a><\/div><a href=\"https:\/\/institucional.ufpel.edu.br\/servidores\/id\/9156\" target=\"_blank\"><span class=\"tabela-detalhe-titulo\">VIN\u00cdCIUS VIEIRA DOS SANTOS<\/span><\/td><\/tr><tr><td><div class=\"servidor-foto\"><a href=\"https:\/\/institucional.ufpel.edu.br\/servidores\/id\/1985\" target=\"_blank\"><img decoding=\"async\" src=\"https:\/\/institucional.ufpel.edu.br\/cache\/imagens\/958e8a4b-13ff-4eae-ba86-d1ee383e2243\"><\/a><\/div><a href=\"https:\/\/institucional.ufpel.edu.br\/servidores\/id\/1985\" target=\"_blank\"><span class=\"tabela-detalhe-titulo\">VIRG\u00cdNIA ORTIZ ANDERSSON VIANNA<\/span><\/td><\/tr><\/table><\/div>","protected":false},"excerpt":{"rendered":"<p>Coordena\u00e7\u00e3o de Sistemas de Informa\u00e7\u00e3o<\/p>\n","protected":false},"author":1,"featured_media":0,"parent":0,"menu_order":0,"comment_status":"closed","ping_status":"closed","template":"","meta":{"jetpack_post_was_ever_published":false,"footnotes":""},"class_list":["post-316","page","type-page","status-publish","hentry","entry"],"jetpack_sharing_enabled":true,"_links":{"self":[{"href":"https:\/\/wp-dev.ufpel.edu.br\/gutenberg\/wp-json\/wp\/v2\/pages\/316","targetHints":{"allow":["GET"]}}],"collection":[{"href":"https:\/\/wp-dev.ufpel.edu.br\/gutenberg\/wp-json\/wp\/v2\/pages"}],"about":[{"href":"https:\/\/wp-dev.ufpel.edu.br\/gutenberg\/wp-json\/wp\/v2\/types\/page"}],"author":[{"embeddable":true,"href":"https:\/\/wp-dev.ufpel.edu.br\/gutenberg\/wp-json\/wp\/v2\/users\/1"}],"replies":[{"embeddable":true,"href":"https:\/\/wp-dev.ufpel.edu.br\/gutenberg\/wp-json\/wp\/v2\/comments?post=316"}],"version-history":[{"count":1,"href":"https:\/\/wp-dev.ufpel.edu.br\/gutenberg\/wp-json\/wp\/v2\/pages\/316\/revisions"}],"predecessor-version":[{"id":318,"href":"https:\/\/wp-dev.ufpel.edu.br\/gutenberg\/wp-json\/wp\/v2\/pages\/316\/revisions\/318"}],"wp:attachment":[{"href":"https:\/\/wp-dev.ufpel.edu.br\/gutenberg\/wp-json\/wp\/v2\/media?parent=316"}],"curies":[{"name":"wp","href":"https:\/\/api.w.org\/{rel}","templated":true}]}}