{"id":410,"date":"2019-06-04T13:56:58","date_gmt":"2019-06-04T16:56:58","guid":{"rendered":"https:\/\/wp-dev.ufpel.edu.br\/gutenberg\/?page_id=410"},"modified":"2019-12-16T11:02:24","modified_gmt":"2019-12-16T14:02:24","slug":"blocos-do-jetpack","status":"publish","type":"page","link":"https:\/\/wp-dev.ufpel.edu.br\/gutenberg\/blocos-do-jetpack\/","title":{"rendered":"Blocos do Jetpack"},"content":{"rendered":"\n<div class=\"wp-block-coblocks-accordion\">\n<div class=\"wp-block-coblocks-accordion-item\"><details><summary class=\"wp-block-coblocks-accordion-item__title\">Sum\u00e1rio de blocos<\/summary><div class=\"wp-block-coblocks-accordion-item__content\">\n<ul class=\"wp-block-list\"><li><a href=\"#horario-comercial\">Hor\u00e1rio comercial<\/a><\/li><li>Formul\u00e1rio<\/li><li><a href=\"#contato\">Informa\u00e7\u00f5es de contato<\/a><\/li><li><a href=\"#gif\">GIF<\/a><\/li><li>MailChimp<\/li><li><a href=\"#map\">Mapa<\/a><\/li><li>Markdown<\/li><li>Pinterest<\/li><li>Star Rating<\/li><li>Bot\u00e3o de pagamento recorrente<\/li><li>Visitante frequente<\/li><li><a href=\"#slideshow\">Apresenta\u00e7\u00e3o de slides<\/a><\/li><li>Formul\u00e1rio de assinatura<\/li><li><a href=\"#galeria-colunas\">Galeria em coluna<\/a><\/li><\/ul>\n<\/div><\/details><\/div>\n<\/div>\n\n\n\n<h2 class=\"wp-block-heading\" id=\"slideshow\">Apresenta\u00e7\u00e3o de slides<\/h2>\n\n\n\n<div class=\"wp-block-jetpack-slideshow alignfull\" data-effect=\"slide\"><div class=\"wp-block-jetpack-slideshow_container swiper-container\"><ul class=\"wp-block-jetpack-slideshow_swiper-wrapper swiper-wrapper\"><li class=\"wp-block-jetpack-slideshow_slide swiper-slide\"><figure><img loading=\"lazy\" decoding=\"async\" width=\"400\" height=\"265\" alt=\"\" class=\"wp-block-jetpack-slideshow_image wp-image-443\" data-id=\"443\" src=\"https:\/\/wp-dev.ufpel.edu.br\/gutenberg\/wp-content\/uploads\/sites\/6\/2019\/08\/DSC_9773-400x265.jpg\"\/><\/figure><\/li><li class=\"wp-block-jetpack-slideshow_slide swiper-slide\"><figure><img loading=\"lazy\" decoding=\"async\" width=\"1024\" height=\"683\" alt=\"\" class=\"wp-block-jetpack-slideshow_image wp-image-444\" data-id=\"444\" src=\"https:\/\/wp-dev.ufpel.edu.br\/gutenberg\/wp-content\/uploads\/sites\/6\/2019\/08\/mulheres-na-ciencia.jpg\" srcset=\"https:\/\/wp-dev.ufpel.edu.br\/gutenberg\/wp-content\/uploads\/sites\/6\/2019\/08\/mulheres-na-ciencia.jpg 1024w, https:\/\/wp-dev.ufpel.edu.br\/gutenberg\/wp-content\/uploads\/sites\/6\/2019\/08\/mulheres-na-ciencia-400x267.jpg 400w, https:\/\/wp-dev.ufpel.edu.br\/gutenberg\/wp-content\/uploads\/sites\/6\/2019\/08\/mulheres-na-ciencia-768x512.jpg 768w\" sizes=\"auto, (max-width: 1024px) 100vw, 1024px\" \/><\/figure><\/li><li class=\"wp-block-jetpack-slideshow_slide swiper-slide\"><figure><img loading=\"lazy\" decoding=\"async\" width=\"1024\" height=\"678\" alt=\"\" class=\"wp-block-jetpack-slideshow_image wp-image-441\" data-id=\"441\" src=\"https:\/\/wp-dev.ufpel.edu.br\/gutenberg\/wp-content\/uploads\/sites\/6\/2019\/08\/DSC_4974-1024x678.jpg\" srcset=\"https:\/\/wp-dev.ufpel.edu.br\/gutenberg\/wp-content\/uploads\/sites\/6\/2019\/08\/DSC_4974-1024x678.jpg 1024w, https:\/\/wp-dev.ufpel.edu.br\/gutenberg\/wp-content\/uploads\/sites\/6\/2019\/08\/DSC_4974-1024x678-400x265.jpg 400w, https:\/\/wp-dev.ufpel.edu.br\/gutenberg\/wp-content\/uploads\/sites\/6\/2019\/08\/DSC_4974-1024x678-768x509.jpg 768w\" sizes=\"auto, (max-width: 1024px) 100vw, 1024px\" \/><\/figure><\/li><li class=\"wp-block-jetpack-slideshow_slide swiper-slide\"><figure><img loading=\"lazy\" decoding=\"async\" width=\"600\" height=\"400\" alt=\"\" class=\"wp-block-jetpack-slideshow_image wp-image-438\" data-id=\"438\" src=\"https:\/\/wp-dev.ufpel.edu.br\/gutenberg\/wp-content\/uploads\/sites\/6\/2019\/08\/Centro-de-Pesquisas.jpg\" srcset=\"https:\/\/wp-dev.ufpel.edu.br\/gutenberg\/wp-content\/uploads\/sites\/6\/2019\/08\/Centro-de-Pesquisas.jpg 600w, https:\/\/wp-dev.ufpel.edu.br\/gutenberg\/wp-content\/uploads\/sites\/6\/2019\/08\/Centro-de-Pesquisas-400x267.jpg 400w\" sizes=\"auto, (max-width: 600px) 100vw, 600px\" \/><\/figure><\/li><li class=\"wp-block-jetpack-slideshow_slide swiper-slide\"><figure><img loading=\"lazy\" decoding=\"async\" width=\"1922\" height=\"1276\" alt=\"\" class=\"wp-block-jetpack-slideshow_image wp-image-437\" data-id=\"437\" src=\"https:\/\/wp-dev.ufpel.edu.br\/gutenberg\/wp-content\/uploads\/sites\/6\/2019\/08\/Banner.jpg\" srcset=\"https:\/\/wp-dev.ufpel.edu.br\/gutenberg\/wp-content\/uploads\/sites\/6\/2019\/08\/Banner.jpg 1922w, https:\/\/wp-dev.ufpel.edu.br\/gutenberg\/wp-content\/uploads\/sites\/6\/2019\/08\/Banner-400x266.jpg 400w, https:\/\/wp-dev.ufpel.edu.br\/gutenberg\/wp-content\/uploads\/sites\/6\/2019\/08\/Banner-768x510.jpg 768w, https:\/\/wp-dev.ufpel.edu.br\/gutenberg\/wp-content\/uploads\/sites\/6\/2019\/08\/Banner-1024x680.jpg 1024w, https:\/\/wp-dev.ufpel.edu.br\/gutenberg\/wp-content\/uploads\/sites\/6\/2019\/08\/Banner-1568x1041.jpg 1568w\" sizes=\"auto, (max-width: 1922px) 100vw, 1922px\" \/><\/figure><\/li><li class=\"wp-block-jetpack-slideshow_slide swiper-slide\"><figure><img loading=\"lazy\" decoding=\"async\" width=\"4288\" height=\"2848\" alt=\"\" class=\"wp-block-jetpack-slideshow_image wp-image-334\" data-id=\"334\" src=\"https:\/\/wp-dev.ufpel.edu.br\/gutenberg\/wp-content\/uploads\/sites\/6\/2019\/04\/DSC_0227.jpg\" srcset=\"https:\/\/wp-dev.ufpel.edu.br\/gutenberg\/wp-content\/uploads\/sites\/6\/2019\/04\/DSC_0227.jpg 4288w, https:\/\/wp-dev.ufpel.edu.br\/gutenberg\/wp-content\/uploads\/sites\/6\/2019\/04\/DSC_0227-400x266.jpg 400w, https:\/\/wp-dev.ufpel.edu.br\/gutenberg\/wp-content\/uploads\/sites\/6\/2019\/04\/DSC_0227-768x510.jpg 768w, https:\/\/wp-dev.ufpel.edu.br\/gutenberg\/wp-content\/uploads\/sites\/6\/2019\/04\/DSC_0227-1024x680.jpg 1024w\" sizes=\"auto, (max-width: 4288px) 100vw, 4288px\" \/><\/figure><\/li><li class=\"wp-block-jetpack-slideshow_slide swiper-slide\"><figure><img loading=\"lazy\" decoding=\"async\" width=\"1620\" height=\"1080\" alt=\"\" class=\"wp-block-jetpack-slideshow_image wp-image-333\" data-id=\"333\" src=\"https:\/\/wp-dev.ufpel.edu.br\/gutenberg\/wp-content\/uploads\/sites\/6\/2019\/04\/011-Casar\u00e3o-8.jpg\" srcset=\"https:\/\/wp-dev.ufpel.edu.br\/gutenberg\/wp-content\/uploads\/sites\/6\/2019\/04\/011-Casar\u00e3o-8.jpg 1620w, https:\/\/wp-dev.ufpel.edu.br\/gutenberg\/wp-content\/uploads\/sites\/6\/2019\/04\/011-Casar\u00e3o-8-400x267.jpg 400w, https:\/\/wp-dev.ufpel.edu.br\/gutenberg\/wp-content\/uploads\/sites\/6\/2019\/04\/011-Casar\u00e3o-8-768x512.jpg 768w, https:\/\/wp-dev.ufpel.edu.br\/gutenberg\/wp-content\/uploads\/sites\/6\/2019\/04\/011-Casar\u00e3o-8-1024x683.jpg 1024w\" sizes=\"auto, (max-width: 1620px) 100vw, 1620px\" \/><\/figure><\/li><li class=\"wp-block-jetpack-slideshow_slide swiper-slide\"><figure><img loading=\"lazy\" decoding=\"async\" width=\"6717\" height=\"4318\" alt=\"\" class=\"wp-block-jetpack-slideshow_image wp-image-332\" data-id=\"332\" src=\"https:\/\/wp-dev.ufpel.edu.br\/gutenberg\/wp-content\/uploads\/sites\/6\/2019\/04\/3.jpg\" srcset=\"https:\/\/wp-dev.ufpel.edu.br\/gutenberg\/wp-content\/uploads\/sites\/6\/2019\/04\/3.jpg 6717w, https:\/\/wp-dev.ufpel.edu.br\/gutenberg\/wp-content\/uploads\/sites\/6\/2019\/04\/3-400x257.jpg 400w, https:\/\/wp-dev.ufpel.edu.br\/gutenberg\/wp-content\/uploads\/sites\/6\/2019\/04\/3-768x494.jpg 768w, https:\/\/wp-dev.ufpel.edu.br\/gutenberg\/wp-content\/uploads\/sites\/6\/2019\/04\/3-1024x658.jpg 1024w\" sizes=\"auto, (max-width: 6717px) 100vw, 6717px\" \/><\/figure><\/li><li class=\"wp-block-jetpack-slideshow_slide swiper-slide\"><figure><img loading=\"lazy\" decoding=\"async\" width=\"900\" height=\"596\" alt=\"\" class=\"wp-block-jetpack-slideshow_image wp-image-218\" data-id=\"218\" src=\"https:\/\/wp-dev.ufpel.edu.br\/gutenberg\/wp-content\/uploads\/sites\/6\/2019\/02\/a137-portal.jpg\" srcset=\"https:\/\/wp-dev.ufpel.edu.br\/gutenberg\/wp-content\/uploads\/sites\/6\/2019\/02\/a137-portal.jpg 900w, https:\/\/wp-dev.ufpel.edu.br\/gutenberg\/wp-content\/uploads\/sites\/6\/2019\/02\/a137-portal-400x265.jpg 400w, https:\/\/wp-dev.ufpel.edu.br\/gutenberg\/wp-content\/uploads\/sites\/6\/2019\/02\/a137-portal-768x509.jpg 768w\" sizes=\"auto, (max-width: 900px) 100vw, 900px\" \/><\/figure><\/li><li class=\"wp-block-jetpack-slideshow_slide swiper-slide\"><figure><img loading=\"lazy\" decoding=\"async\" width=\"4288\" height=\"2848\" alt=\"\" class=\"wp-block-jetpack-slideshow_image wp-image-166\" data-id=\"166\" src=\"https:\/\/wp-dev.ufpel.edu.br\/gutenberg\/wp-content\/uploads\/sites\/6\/2018\/12\/DSC_0045.jpg\" srcset=\"https:\/\/wp-dev.ufpel.edu.br\/gutenberg\/wp-content\/uploads\/sites\/6\/2018\/12\/DSC_0045.jpg 4288w, https:\/\/wp-dev.ufpel.edu.br\/gutenberg\/wp-content\/uploads\/sites\/6\/2018\/12\/DSC_0045-400x266.jpg 400w, https:\/\/wp-dev.ufpel.edu.br\/gutenberg\/wp-content\/uploads\/sites\/6\/2018\/12\/DSC_0045-768x510.jpg 768w, https:\/\/wp-dev.ufpel.edu.br\/gutenberg\/wp-content\/uploads\/sites\/6\/2018\/12\/DSC_0045-1024x680.jpg 1024w\" sizes=\"auto, (max-width: 4288px) 100vw, 4288px\" \/><\/figure><\/li><\/ul><a class=\"wp-block-jetpack-slideshow_button-prev swiper-button-prev swiper-button-white\" role=\"button\"><\/a><a class=\"wp-block-jetpack-slideshow_button-next swiper-button-next swiper-button-white\" role=\"button\"><\/a><a aria-label=\"Pause Slideshow\" class=\"wp-block-jetpack-slideshow_button-pause\" role=\"button\"><\/a><div class=\"wp-block-jetpack-slideshow_pagination swiper-pagination swiper-pagination-white\"><\/div><\/div><\/div>\n\n\n\n<h2 class=\"wp-block-heading\" id=\"galeria-colunas\">Galeria em colunas<\/h2>\n\n\n\n<p>Oferece os layouts: Mosaicos, C\u00edrculos, Mosaicos quadrados, Colunas lado a lado<\/p>\n\n\n\n<div class=\"wp-block-jetpack-tiled-gallery alignwide is-style-rectangular\"><div class=\"tiled-gallery__gallery\"><div class=\"tiled-gallery__row\"><div class=\"tiled-gallery__col\"><figure class=\"tiled-gallery__item\"><img decoding=\"async\" srcset=\"https:\/\/i1.wp.com\/wp-dev.ufpel.edu.br\/gutenberg\/wp-content\/uploads\/sites\/6\/2019\/08\/mulheres-na-ciencia.jpg?strip=info&#038;w=600&#038;ssl=1 600w,https:\/\/i1.wp.com\/wp-dev.ufpel.edu.br\/gutenberg\/wp-content\/uploads\/sites\/6\/2019\/08\/mulheres-na-ciencia.jpg?strip=info&#038;w=900&#038;ssl=1 900w,https:\/\/i1.wp.com\/wp-dev.ufpel.edu.br\/gutenberg\/wp-content\/uploads\/sites\/6\/2019\/08\/mulheres-na-ciencia.jpg?strip=info&#038;w=1024&#038;ssl=1 1024w\" alt=\"\" data-height=\"683\" data-id=\"444\" data-link=\"https:\/\/wp-dev.ufpel.edu.br\/gutenberg\/kadence-blocks\/mulheres-na-ciencia\/\" data-url=\"https:\/\/wp-dev.ufpel.edu.br\/gutenberg\/wp-content\/uploads\/sites\/6\/2019\/08\/mulheres-na-ciencia.jpg\" data-width=\"1024\" src=\"https:\/\/i1.wp.com\/wp-dev.ufpel.edu.br\/gutenberg\/wp-content\/uploads\/sites\/6\/2019\/08\/mulheres-na-ciencia.jpg?ssl=1\"\/><\/figure><\/div><div class=\"tiled-gallery__col\"><figure class=\"tiled-gallery__item\"><img decoding=\"async\" srcset=\"https:\/\/i2.wp.com\/wp-dev.ufpel.edu.br\/gutenberg\/wp-content\/uploads\/sites\/6\/2019\/08\/volei-femin-400x300.jpeg?strip=info&#038;w=400&#038;ssl=1 400w\" alt=\"\" data-height=\"300\" data-id=\"445\" data-link=\"https:\/\/wp-dev.ufpel.edu.br\/gutenberg\/kadence-blocks\/volei-femin-400x300\/\" data-url=\"https:\/\/wp-dev.ufpel.edu.br\/gutenberg\/wp-content\/uploads\/sites\/6\/2019\/08\/volei-femin-400x300.jpeg\" data-width=\"400\" src=\"https:\/\/i2.wp.com\/wp-dev.ufpel.edu.br\/gutenberg\/wp-content\/uploads\/sites\/6\/2019\/08\/volei-femin-400x300.jpeg?ssl=1\"\/><\/figure><figure class=\"tiled-gallery__item\"><img decoding=\"async\" srcset=\"https:\/\/i2.wp.com\/wp-dev.ufpel.edu.br\/gutenberg\/wp-content\/uploads\/sites\/6\/2019\/08\/DSC_4974-1024x678.jpg?strip=info&#038;w=600&#038;ssl=1 600w,https:\/\/i2.wp.com\/wp-dev.ufpel.edu.br\/gutenberg\/wp-content\/uploads\/sites\/6\/2019\/08\/DSC_4974-1024x678.jpg?strip=info&#038;w=900&#038;ssl=1 900w,https:\/\/i2.wp.com\/wp-dev.ufpel.edu.br\/gutenberg\/wp-content\/uploads\/sites\/6\/2019\/08\/DSC_4974-1024x678.jpg?strip=info&#038;w=1024&#038;ssl=1 1024w\" alt=\"\" data-height=\"678\" data-id=\"441\" data-link=\"https:\/\/wp-dev.ufpel.edu.br\/gutenberg\/kadence-blocks\/dsc_4974-1024x678\/\" data-url=\"https:\/\/wp-dev.ufpel.edu.br\/gutenberg\/wp-content\/uploads\/sites\/6\/2019\/08\/DSC_4974-1024x678.jpg\" data-width=\"1024\" src=\"https:\/\/i2.wp.com\/wp-dev.ufpel.edu.br\/gutenberg\/wp-content\/uploads\/sites\/6\/2019\/08\/DSC_4974-1024x678.jpg?ssl=1\"\/><\/figure><\/div><\/div><div class=\"tiled-gallery__row\"><div class=\"tiled-gallery__col\"><figure class=\"tiled-gallery__item\"><img decoding=\"async\" srcset=\"https:\/\/i0.wp.com\/wp-dev.ufpel.edu.br\/gutenberg\/wp-content\/uploads\/sites\/6\/2019\/08\/DSC_0032-200x200.jpg?strip=info&#038;w=200&#038;ssl=1 200w\" alt=\"\" data-height=\"200\" data-id=\"440\" data-link=\"https:\/\/wp-dev.ufpel.edu.br\/gutenberg\/kadence-blocks\/dsc_0032-200x200\/\" data-url=\"https:\/\/wp-dev.ufpel.edu.br\/gutenberg\/wp-content\/uploads\/sites\/6\/2019\/08\/DSC_0032-200x200.jpg\" data-width=\"200\" src=\"https:\/\/i0.wp.com\/wp-dev.ufpel.edu.br\/gutenberg\/wp-content\/uploads\/sites\/6\/2019\/08\/DSC_0032-200x200.jpg?ssl=1\"\/><\/figure><\/div><div class=\"tiled-gallery__col\"><figure class=\"tiled-gallery__item\"><img decoding=\"async\" srcset=\"https:\/\/i0.wp.com\/wp-dev.ufpel.edu.br\/gutenberg\/wp-content\/uploads\/sites\/6\/2019\/08\/DSC_0028-200x200.jpg?strip=info&#038;w=200&#038;ssl=1 200w\" alt=\"\" data-height=\"200\" data-id=\"439\" data-link=\"https:\/\/wp-dev.ufpel.edu.br\/gutenberg\/kadence-blocks\/dsc_0028-200x200\/\" data-url=\"https:\/\/wp-dev.ufpel.edu.br\/gutenberg\/wp-content\/uploads\/sites\/6\/2019\/08\/DSC_0028-200x200.jpg\" data-width=\"200\" src=\"https:\/\/i0.wp.com\/wp-dev.ufpel.edu.br\/gutenberg\/wp-content\/uploads\/sites\/6\/2019\/08\/DSC_0028-200x200.jpg?ssl=1\"\/><\/figure><\/div><div class=\"tiled-gallery__col\"><figure class=\"tiled-gallery__item\"><img decoding=\"async\" srcset=\"https:\/\/i0.wp.com\/wp-dev.ufpel.edu.br\/gutenberg\/wp-content\/uploads\/sites\/6\/2019\/08\/Centro-de-Pesquisas.jpg?strip=info&#038;w=600&#038;ssl=1 600w\" alt=\"\" data-height=\"400\" data-id=\"438\" data-link=\"https:\/\/wp-dev.ufpel.edu.br\/gutenberg\/kadence-blocks\/centro-de-pesquisas\/\" data-url=\"https:\/\/wp-dev.ufpel.edu.br\/gutenberg\/wp-content\/uploads\/sites\/6\/2019\/08\/Centro-de-Pesquisas.jpg\" data-width=\"600\" src=\"https:\/\/i0.wp.com\/wp-dev.ufpel.edu.br\/gutenberg\/wp-content\/uploads\/sites\/6\/2019\/08\/Centro-de-Pesquisas.jpg?ssl=1\"\/><\/figure><\/div><\/div><div class=\"tiled-gallery__row\"><div class=\"tiled-gallery__col\"><figure class=\"tiled-gallery__item\"><img decoding=\"async\" srcset=\"https:\/\/i1.wp.com\/wp-dev.ufpel.edu.br\/gutenberg\/wp-content\/uploads\/sites\/6\/2019\/08\/Banner.jpg?strip=info&#038;w=600&#038;ssl=1 600w,https:\/\/i1.wp.com\/wp-dev.ufpel.edu.br\/gutenberg\/wp-content\/uploads\/sites\/6\/2019\/08\/Banner.jpg?strip=info&#038;w=900&#038;ssl=1 900w,https:\/\/i1.wp.com\/wp-dev.ufpel.edu.br\/gutenberg\/wp-content\/uploads\/sites\/6\/2019\/08\/Banner.jpg?strip=info&#038;w=1200&#038;ssl=1 1200w,https:\/\/i1.wp.com\/wp-dev.ufpel.edu.br\/gutenberg\/wp-content\/uploads\/sites\/6\/2019\/08\/Banner.jpg?strip=info&#038;w=1500&#038;ssl=1 1500w,https:\/\/i1.wp.com\/wp-dev.ufpel.edu.br\/gutenberg\/wp-content\/uploads\/sites\/6\/2019\/08\/Banner.jpg?strip=info&#038;w=1800&#038;ssl=1 1800w,https:\/\/i1.wp.com\/wp-dev.ufpel.edu.br\/gutenberg\/wp-content\/uploads\/sites\/6\/2019\/08\/Banner.jpg?strip=info&#038;w=1922&#038;ssl=1 1922w\" alt=\"\" data-height=\"1276\" data-id=\"437\" data-link=\"https:\/\/wp-dev.ufpel.edu.br\/gutenberg\/kadence-blocks\/banner\/\" data-url=\"https:\/\/wp-dev.ufpel.edu.br\/gutenberg\/wp-content\/uploads\/sites\/6\/2019\/08\/Banner.jpg\" data-width=\"1922\" src=\"https:\/\/i1.wp.com\/wp-dev.ufpel.edu.br\/gutenberg\/wp-content\/uploads\/sites\/6\/2019\/08\/Banner.jpg?ssl=1\"\/><\/figure><figure class=\"tiled-gallery__item\"><img decoding=\"async\" srcset=\"https:\/\/i1.wp.com\/wp-dev.ufpel.edu.br\/gutenberg\/wp-content\/uploads\/sites\/6\/2019\/04\/011-Casar\u00e3o-8.jpg?strip=info&#038;w=600&#038;ssl=1 600w,https:\/\/i1.wp.com\/wp-dev.ufpel.edu.br\/gutenberg\/wp-content\/uploads\/sites\/6\/2019\/04\/011-Casar\u00e3o-8.jpg?strip=info&#038;w=900&#038;ssl=1 900w,https:\/\/i1.wp.com\/wp-dev.ufpel.edu.br\/gutenberg\/wp-content\/uploads\/sites\/6\/2019\/04\/011-Casar\u00e3o-8.jpg?strip=info&#038;w=1200&#038;ssl=1 1200w,https:\/\/i1.wp.com\/wp-dev.ufpel.edu.br\/gutenberg\/wp-content\/uploads\/sites\/6\/2019\/04\/011-Casar\u00e3o-8.jpg?strip=info&#038;w=1500&#038;ssl=1 1500w,https:\/\/i1.wp.com\/wp-dev.ufpel.edu.br\/gutenberg\/wp-content\/uploads\/sites\/6\/2019\/04\/011-Casar\u00e3o-8.jpg?strip=info&#038;w=1620&#038;ssl=1 1620w\" alt=\"\" data-height=\"1080\" data-id=\"333\" data-link=\"https:\/\/wp-dev.ufpel.edu.br\/gutenberg\/011-casarao-8\/\" data-url=\"https:\/\/wp-dev.ufpel.edu.br\/gutenberg\/wp-content\/uploads\/sites\/6\/2019\/04\/011-Casar\u00e3o-8.jpg\" data-width=\"1620\" src=\"https:\/\/i1.wp.com\/wp-dev.ufpel.edu.br\/gutenberg\/wp-content\/uploads\/sites\/6\/2019\/04\/011-Casar\u00e3o-8.jpg?ssl=1\"\/><\/figure><\/div><div class=\"tiled-gallery__col\"><figure class=\"tiled-gallery__item\"><img decoding=\"async\" srcset=\"https:\/\/i1.wp.com\/wp-dev.ufpel.edu.br\/gutenberg\/wp-content\/uploads\/sites\/6\/2019\/04\/3.jpg?strip=info&#038;w=600&#038;ssl=1 600w,https:\/\/i1.wp.com\/wp-dev.ufpel.edu.br\/gutenberg\/wp-content\/uploads\/sites\/6\/2019\/04\/3.jpg?strip=info&#038;w=900&#038;ssl=1 900w,https:\/\/i1.wp.com\/wp-dev.ufpel.edu.br\/gutenberg\/wp-content\/uploads\/sites\/6\/2019\/04\/3.jpg?strip=info&#038;w=1200&#038;ssl=1 1200w,https:\/\/i1.wp.com\/wp-dev.ufpel.edu.br\/gutenberg\/wp-content\/uploads\/sites\/6\/2019\/04\/3.jpg?strip=info&#038;w=1500&#038;ssl=1 1500w,https:\/\/i1.wp.com\/wp-dev.ufpel.edu.br\/gutenberg\/wp-content\/uploads\/sites\/6\/2019\/04\/3.jpg?strip=info&#038;w=1800&#038;ssl=1 1800w,https:\/\/i1.wp.com\/wp-dev.ufpel.edu.br\/gutenberg\/wp-content\/uploads\/sites\/6\/2019\/04\/3.jpg?strip=info&#038;w=2000&#038;ssl=1 2000w\" alt=\"\" data-height=\"4318\" data-id=\"332\" data-link=\"https:\/\/wp-dev.ufpel.edu.br\/gutenberg\/3\/\" data-url=\"https:\/\/wp-dev.ufpel.edu.br\/gutenberg\/wp-content\/uploads\/sites\/6\/2019\/04\/3.jpg\" data-width=\"6717\" src=\"https:\/\/i1.wp.com\/wp-dev.ufpel.edu.br\/gutenberg\/wp-content\/uploads\/sites\/6\/2019\/04\/3.jpg?ssl=1\"\/><\/figure><\/div><\/div><div class=\"tiled-gallery__row\"><div class=\"tiled-gallery__col\"><figure class=\"tiled-gallery__item\"><img decoding=\"async\" srcset=\"https:\/\/i2.wp.com\/wp-dev.ufpel.edu.br\/gutenberg\/wp-content\/uploads\/sites\/6\/2019\/02\/a137-portal.jpg?strip=info&#038;w=600&#038;ssl=1 600w,https:\/\/i2.wp.com\/wp-dev.ufpel.edu.br\/gutenberg\/wp-content\/uploads\/sites\/6\/2019\/02\/a137-portal.jpg?strip=info&#038;w=900&#038;ssl=1 900w\" alt=\"\" data-height=\"596\" data-id=\"218\" data-link=\"https:\/\/wp-dev.ufpel.edu.br\/gutenberg\/plugin-coblocks\/a137-portal\/\" data-url=\"https:\/\/wp-dev.ufpel.edu.br\/gutenberg\/wp-content\/uploads\/sites\/6\/2019\/02\/a137-portal.jpg\" data-width=\"900\" src=\"https:\/\/i2.wp.com\/wp-dev.ufpel.edu.br\/gutenberg\/wp-content\/uploads\/sites\/6\/2019\/02\/a137-portal.jpg?ssl=1\"\/><\/figure><\/div><div class=\"tiled-gallery__col\"><figure class=\"tiled-gallery__item\"><img decoding=\"async\" srcset=\"https:\/\/i2.wp.com\/wp-dev.ufpel.edu.br\/gutenberg\/wp-content\/uploads\/sites\/6\/2018\/12\/DSC_0045.jpg?strip=info&#038;w=600&#038;ssl=1 600w,https:\/\/i2.wp.com\/wp-dev.ufpel.edu.br\/gutenberg\/wp-content\/uploads\/sites\/6\/2018\/12\/DSC_0045.jpg?strip=info&#038;w=900&#038;ssl=1 900w,https:\/\/i2.wp.com\/wp-dev.ufpel.edu.br\/gutenberg\/wp-content\/uploads\/sites\/6\/2018\/12\/DSC_0045.jpg?strip=info&#038;w=1200&#038;ssl=1 1200w,https:\/\/i2.wp.com\/wp-dev.ufpel.edu.br\/gutenberg\/wp-content\/uploads\/sites\/6\/2018\/12\/DSC_0045.jpg?strip=info&#038;w=1500&#038;ssl=1 1500w,https:\/\/i2.wp.com\/wp-dev.ufpel.edu.br\/gutenberg\/wp-content\/uploads\/sites\/6\/2018\/12\/DSC_0045.jpg?strip=info&#038;w=1800&#038;ssl=1 1800w,https:\/\/i2.wp.com\/wp-dev.ufpel.edu.br\/gutenberg\/wp-content\/uploads\/sites\/6\/2018\/12\/DSC_0045.jpg?strip=info&#038;w=2000&#038;ssl=1 2000w\" alt=\"\" data-height=\"2848\" data-id=\"166\" data-link=\"https:\/\/wp-dev.ufpel.edu.br\/gutenberg\/teste-de-blocos-wp-5-0-2\/dsc_0045\/\" data-url=\"https:\/\/wp-dev.ufpel.edu.br\/gutenberg\/wp-content\/uploads\/sites\/6\/2018\/12\/DSC_0045.jpg\" data-width=\"4288\" src=\"https:\/\/i2.wp.com\/wp-dev.ufpel.edu.br\/gutenberg\/wp-content\/uploads\/sites\/6\/2018\/12\/DSC_0045.jpg?ssl=1\"\/><\/figure><\/div><\/div><\/div><\/div>\n\n\n\n<div class=\"wp-block-jetpack-repeat-visitor\">\n<h2 class=\"wp-block-heading\">Repeat visitor<\/h2>\n\n\n\n<p>Controla a visibilidade de um grupo de blocos de acordo com o n\u00famero de vezes que um visitante acessou a p\u00e1gina.<\/p>\n<\/div>\n\n\n\n<h2 class=\"wp-block-heading\" id=\"horario-comercial\">Hor\u00e1rio comercial<\/h2>\n\n\n<dl class=\"jetpack-business-hours wp-block-jetpack-business-hours\"><div class=\"jetpack-business-hours__item\"><dt class=\"Sun\">Domingo<\/dt><dd class=\"Sun\">Fechado<\/dd><\/div><div class=\"jetpack-business-hours__item\"><dt class=\"Mon\">Segunda-feira<\/dt><dd class=\"Mon\">08:00 &#8211; 12:00, 14:00 &#8211; 18:00<\/dd><\/div><div class=\"jetpack-business-hours__item\"><dt class=\"Tue\">Ter\u00e7a-feira<\/dt><dd class=\"Tue\">08:00 &#8211; 20:00<\/dd><\/div><div class=\"jetpack-business-hours__item\"><dt class=\"Wed\">Quarta-feira<\/dt><dd class=\"Wed\">08:00 &#8211; 20:00<\/dd><\/div><div class=\"jetpack-business-hours__item\"><dt class=\"Thu\">Quinta-feira<\/dt><dd class=\"Thu\">08:00 &#8211; 20:00<\/dd><\/div><div class=\"jetpack-business-hours__item\"><dt class=\"Fri\">Sexta-feira<\/dt><dd class=\"Fri\">08:00 &#8211; 12:00, 14:00 &#8211; 18:00<\/dd><\/div><div class=\"jetpack-business-hours__item\"><dt class=\"Sat\">S\u00e1bado<\/dt><dd class=\"Sat\">Fechado<\/dd><\/div><\/dl>\n\n\n<h2 class=\"wp-block-heading\" id=\"gif\">GIF<\/h2>\n\n\n\n<p>Adiciona imagens do Giphy<\/p>\n\n\n\t<div class=\"wp-block-jetpack-gif aligncenter\">\n\t\t<figure>\n\t\t\t\t\t\t\t<div class=\"wp-block-jetpack-gif-wrapper\" style=\"padding-top:59%\">\n\t\t\t\t\t<iframe src=\"https:\/\/giphy.com\/embed\/cub3pntkz8muQ\" title=\"like a boss\"><\/iframe>\n\t\t\t\t<\/div>\n\t\t\t\t\t\t\t\t<\/figure>\n\t<\/div>\n\t\n\n\n<h2 class=\"wp-block-heading\" id=\"map\">Map &#8211; requer conta no Mapbox<\/h2>\n\n\n\n<div class=\"wp-block-jetpack-contact-info\">\n<h2 class=\"wp-block-heading\" id=\"contato\">Informa\u00e7\u00f5es de contato<\/h2>\n\n\n\n<div class=\"wp-block-jetpack-email\"><a href=\"mailto:progic@ufpel.edu.br\">progic@ufpel.edu.br<\/a><\/div>\n\n\n\n<div class=\"wp-block-jetpack-phone\"><a href=\"tel:5332844020\">(53) 3284-4020<\/a><\/div>\n\n\n\n<div class=\"wp-block-jetpack-address\"><a href=\"https:\/\/www.google.com\/maps\/search\/UFPel+- Campus Anglo,Rua Gomes Carneiro, 1,Sala 406 Bloco B,+Pelotas,+RS,+96010-610+Brasil\" target=\"_blank\" rel=\"noopener noreferrer\" title=\"Abrir endere\u00e7o no Google Maps\"><div class=\"jetpack-address__address jetpack-address__address1\">UFPel &#8211; Campus Anglo<\/div><div class=\"jetpack-address__address jetpack-address__address2\">Rua Gomes Carneiro, 1<\/div><div class=\"jetpack-address__address jetpack-address__address3\">Sala 406 Bloco B<\/div><div><span class=\"jetpack-address__city\">Pelotas<\/span>, <span class=\"jetpack-address__region\">RS<\/span> <span class=\"jetpack-address__postal\">96010-610<\/span><\/div><div class=\"jetpack-address__country\">Brasil<\/div><\/a><\/div>\n<\/div>\n","protected":false},"excerpt":{"rendered":"<p>Apresenta\u00e7\u00e3o de slides Galeria em colunas Oferece os layouts: Mosaicos, C\u00edrculos, Mosaicos quadrados, Colunas lado a lado Hor\u00e1rio comercial GIF Adiciona imagens do Giphy Map &#8211; requer conta no Mapbox<\/p>\n","protected":false},"author":1,"featured_media":0,"parent":0,"menu_order":0,"comment_status":"closed","ping_status":"closed","template":"","meta":{"jetpack_post_was_ever_published":false,"footnotes":""},"class_list":["post-410","page","type-page","status-publish","hentry","entry"],"jetpack_sharing_enabled":true,"_links":{"self":[{"href":"https:\/\/wp-dev.ufpel.edu.br\/gutenberg\/wp-json\/wp\/v2\/pages\/410","targetHints":{"allow":["GET"]}}],"collection":[{"href":"https:\/\/wp-dev.ufpel.edu.br\/gutenberg\/wp-json\/wp\/v2\/pages"}],"about":[{"href":"https:\/\/wp-dev.ufpel.edu.br\/gutenberg\/wp-json\/wp\/v2\/types\/page"}],"author":[{"embeddable":true,"href":"https:\/\/wp-dev.ufpel.edu.br\/gutenberg\/wp-json\/wp\/v2\/users\/1"}],"replies":[{"embeddable":true,"href":"https:\/\/wp-dev.ufpel.edu.br\/gutenberg\/wp-json\/wp\/v2\/comments?post=410"}],"version-history":[{"count":5,"href":"https:\/\/wp-dev.ufpel.edu.br\/gutenberg\/wp-json\/wp\/v2\/pages\/410\/revisions"}],"predecessor-version":[{"id":559,"href":"https:\/\/wp-dev.ufpel.edu.br\/gutenberg\/wp-json\/wp\/v2\/pages\/410\/revisions\/559"}],"wp:attachment":[{"href":"https:\/\/wp-dev.ufpel.edu.br\/gutenberg\/wp-json\/wp\/v2\/media?parent=410"}],"curies":[{"name":"wp","href":"https:\/\/api.w.org\/{rel}","templated":true}]}}