{"id":458,"date":"2019-12-16T09:19:52","date_gmt":"2019-12-16T12:19:52","guid":{"rendered":"https:\/\/wp-dev.ufpel.edu.br\/gutenberg\/?page_id=458"},"modified":"2019-12-16T13:14:23","modified_gmt":"2019-12-16T16:14:23","slug":"ghostkit","status":"publish","type":"page","link":"https:\/\/wp-dev.ufpel.edu.br\/gutenberg\/ghostkit\/","title":{"rendered":"GhostKit"},"content":{"rendered":"\n<ul class=\"is-style-default wp-block-list\"><li>Disponibiliza FontAwesome<\/li><li>Permite configurar a tipografia do body, bot\u00f5es e cabe\u00e7alho<\/li><li><mark class=\"kt-highlight\">Permite inserir CSS e Javascript no head e body<\/mark><\/li><li>Adiciona as seguintes configura\u00e7\u00f5es para todos os blocos:<br><strong>Spacings, Display, Animate on Scroll, Custom CSS<\/strong><\/li><li>Oferece templates de blocos prontos e permite criar <a href=\"https:\/\/wp-dev.ufpel.edu.br\/gutenberg\/teste-de-template-do-ghost-kit\/\">templates personalizados para posts e p\u00e1ginas<\/a><\/li><\/ul>\n\n\n\n<div class=\"ghostkit-accordion ghostkit-accordion-1 ghostkit-accordion-collapse-one\">\n<div class=\"ghostkit-accordion-item\"><a href=\"#accordion-sumario-de-blocos\" class=\"ghostkit-accordion-item-heading\"><span class=\"ghostkit-accordion-item-label\">Sum\u00e1rio de blocos<\/span><span class=\"ghostkit-accordion-item-collapse\"><span class=\"fas fa-angle-right\"><\/span><\/span><\/a><div class=\"ghostkit-accordion-item-content\">\n<ul class=\"wp-block-list\"><li>Grid<\/li><li>Progress<\/li><li>Buttons<\/li><li>Divider<\/li><li>Alert<\/li><li><a href=\"#icon-box\">Icon Box<\/a><\/li><li><a href=\"#countdown\">Countdown<\/a><\/li><li><a href=\"#number-box\">Number Box<\/a><\/li><li>Accordion <strong><mark class=\"kt-highlight\">(este bloco)<\/mark><\/strong><\/li><li><a href=\"#tabs\">Tabs<\/a><\/li><li>Video<\/li><li><a href=\"#carousel\">Carousel<\/a><\/li><li>Pricing Table<\/li><li>Testimonial<\/li><li>Table of Contents<\/li><li>Twitter<\/li><li><a href=\"#instagram\">Instagram<\/a><\/li><li>Google Maps<\/li><li>GitHub Gist<\/li><li>Changelog<\/li><li>Widgetized Area<\/li><\/ul>\n<\/div><\/div>\n<\/div>\n\n\n\n<h2 class=\"wp-block-heading\" id=\"carousel\">Carousel<\/h2>\n\n\n\n<p>Pode ser utilizado qualquer bloco dentro de cada slide<\/p>\n\n\n\n<div class=\"alignfull ghostkit-carousel\" data-effect=\"slide\" data-speed=\"0.2\" data-autoplay=\"0\" data-slides-per-view=\"1\" data-centered-slides=\"false\" data-loop=\"true\" data-free-scroll=\"true\" data-show-arrows=\"true\" data-show-bullets=\"true\" data-dynamic-bullets=\"true\" data-gap=\"15\"><div class=\"ghostkit-carousel-items\">\n<div class=\"ghostkit-carousel-slide\">\n<figure class=\"wp-block-gallery columns-5 is-cropped wp-block-gallery-1 is-layout-flex wp-block-gallery-is-layout-flex\"><ul class=\"blocks-gallery-grid\"><li class=\"blocks-gallery-item\"><figure><img loading=\"lazy\" decoding=\"async\" width=\"1024\" height=\"683\" src=\"https:\/\/wp-dev.ufpel.edu.br\/gutenberg\/wp-content\/uploads\/sites\/6\/2019\/08\/mulheres-na-ciencia-1024x683.jpg\" alt=\"\" data-id=\"444\" data-full-url=\"https:\/\/wp-dev.ufpel.edu.br\/gutenberg\/wp-content\/uploads\/sites\/6\/2019\/08\/mulheres-na-ciencia.jpg\" data-link=\"https:\/\/wp-dev.ufpel.edu.br\/gutenberg\/kadence-blocks\/mulheres-na-ciencia\/\" class=\"wp-image-444\" srcset=\"https:\/\/wp-dev.ufpel.edu.br\/gutenberg\/wp-content\/uploads\/sites\/6\/2019\/08\/mulheres-na-ciencia.jpg 1024w, https:\/\/wp-dev.ufpel.edu.br\/gutenberg\/wp-content\/uploads\/sites\/6\/2019\/08\/mulheres-na-ciencia-400x267.jpg 400w, https:\/\/wp-dev.ufpel.edu.br\/gutenberg\/wp-content\/uploads\/sites\/6\/2019\/08\/mulheres-na-ciencia-768x512.jpg 768w\" sizes=\"auto, (max-width: 1024px) 100vw, 1024px\" \/><\/figure><\/li><li class=\"blocks-gallery-item\"><figure><img loading=\"lazy\" decoding=\"async\" width=\"1024\" height=\"678\" src=\"https:\/\/wp-dev.ufpel.edu.br\/gutenberg\/wp-content\/uploads\/sites\/6\/2019\/08\/DSC_4974-1024x678-1024x678.jpg\" alt=\"\" data-id=\"441\" data-full-url=\"https:\/\/wp-dev.ufpel.edu.br\/gutenberg\/wp-content\/uploads\/sites\/6\/2019\/08\/DSC_4974-1024x678.jpg\" data-link=\"https:\/\/wp-dev.ufpel.edu.br\/gutenberg\/kadence-blocks\/dsc_4974-1024x678\/\" class=\"wp-image-441\" srcset=\"https:\/\/wp-dev.ufpel.edu.br\/gutenberg\/wp-content\/uploads\/sites\/6\/2019\/08\/DSC_4974-1024x678.jpg 1024w, https:\/\/wp-dev.ufpel.edu.br\/gutenberg\/wp-content\/uploads\/sites\/6\/2019\/08\/DSC_4974-1024x678-400x265.jpg 400w, https:\/\/wp-dev.ufpel.edu.br\/gutenberg\/wp-content\/uploads\/sites\/6\/2019\/08\/DSC_4974-1024x678-768x509.jpg 768w\" sizes=\"auto, (max-width: 1024px) 100vw, 1024px\" \/><\/figure><\/li><li class=\"blocks-gallery-item\"><figure><img loading=\"lazy\" decoding=\"async\" width=\"1024\" height=\"680\" src=\"https:\/\/wp-dev.ufpel.edu.br\/gutenberg\/wp-content\/uploads\/sites\/6\/2019\/08\/Banner-1024x680.jpg\" alt=\"\" data-id=\"437\" data-full-url=\"https:\/\/wp-dev.ufpel.edu.br\/gutenberg\/wp-content\/uploads\/sites\/6\/2019\/08\/Banner.jpg\" data-link=\"https:\/\/wp-dev.ufpel.edu.br\/gutenberg\/kadence-blocks\/banner\/\" class=\"wp-image-437\" srcset=\"https:\/\/wp-dev.ufpel.edu.br\/gutenberg\/wp-content\/uploads\/sites\/6\/2019\/08\/Banner-1024x680.jpg 1024w, https:\/\/wp-dev.ufpel.edu.br\/gutenberg\/wp-content\/uploads\/sites\/6\/2019\/08\/Banner-400x266.jpg 400w, https:\/\/wp-dev.ufpel.edu.br\/gutenberg\/wp-content\/uploads\/sites\/6\/2019\/08\/Banner-768x510.jpg 768w, https:\/\/wp-dev.ufpel.edu.br\/gutenberg\/wp-content\/uploads\/sites\/6\/2019\/08\/Banner-1568x1041.jpg 1568w, https:\/\/wp-dev.ufpel.edu.br\/gutenberg\/wp-content\/uploads\/sites\/6\/2019\/08\/Banner.jpg 1922w\" sizes=\"auto, (max-width: 1024px) 100vw, 1024px\" \/><\/figure><\/li><li class=\"blocks-gallery-item\"><figure><img loading=\"lazy\" decoding=\"async\" width=\"900\" height=\"596\" src=\"https:\/\/wp-dev.ufpel.edu.br\/gutenberg\/wp-content\/uploads\/sites\/6\/2019\/02\/a137-portal.jpg\" alt=\"\" data-id=\"218\" data-full-url=\"https:\/\/wp-dev.ufpel.edu.br\/gutenberg\/wp-content\/uploads\/sites\/6\/2019\/02\/a137-portal.jpg\" data-link=\"https:\/\/wp-dev.ufpel.edu.br\/gutenberg\/plugin-coblocks\/a137-portal\/\" class=\"wp-image-218\" srcset=\"https:\/\/wp-dev.ufpel.edu.br\/gutenberg\/wp-content\/uploads\/sites\/6\/2019\/02\/a137-portal.jpg 900w, https:\/\/wp-dev.ufpel.edu.br\/gutenberg\/wp-content\/uploads\/sites\/6\/2019\/02\/a137-portal-400x265.jpg 400w, https:\/\/wp-dev.ufpel.edu.br\/gutenberg\/wp-content\/uploads\/sites\/6\/2019\/02\/a137-portal-768x509.jpg 768w\" sizes=\"auto, (max-width: 900px) 100vw, 900px\" \/><\/figure><\/li><li class=\"blocks-gallery-item\"><figure><img loading=\"lazy\" decoding=\"async\" width=\"1024\" height=\"680\" src=\"https:\/\/wp-dev.ufpel.edu.br\/gutenberg\/wp-content\/uploads\/sites\/6\/2018\/12\/DSC_0045-1024x680.jpg\" alt=\"\" data-id=\"166\" data-full-url=\"https:\/\/wp-dev.ufpel.edu.br\/gutenberg\/wp-content\/uploads\/sites\/6\/2018\/12\/DSC_0045.jpg\" data-link=\"https:\/\/wp-dev.ufpel.edu.br\/gutenberg\/teste-de-blocos-wp-5-0-2\/dsc_0045\/\" class=\"wp-image-166\" srcset=\"https:\/\/wp-dev.ufpel.edu.br\/gutenberg\/wp-content\/uploads\/sites\/6\/2018\/12\/DSC_0045-1024x680.jpg 1024w, https:\/\/wp-dev.ufpel.edu.br\/gutenberg\/wp-content\/uploads\/sites\/6\/2018\/12\/DSC_0045-400x266.jpg 400w, https:\/\/wp-dev.ufpel.edu.br\/gutenberg\/wp-content\/uploads\/sites\/6\/2018\/12\/DSC_0045-768x510.jpg 768w\" sizes=\"auto, (max-width: 1024px) 100vw, 1024px\" \/><\/figure><\/li><\/ul><\/figure>\n\n\n\n<p><\/p>\n<\/div>\n\n\n\n<div class=\"ghostkit-carousel-slide\">\n<figure class=\"wp-block-gallery columns-5 is-cropped wp-block-gallery-2 is-layout-flex wp-block-gallery-is-layout-flex\"><ul class=\"blocks-gallery-grid\"><li class=\"blocks-gallery-item\"><figure><img loading=\"lazy\" decoding=\"async\" width=\"1024\" height=\"680\" src=\"https:\/\/wp-dev.ufpel.edu.br\/gutenberg\/wp-content\/uploads\/sites\/6\/2019\/04\/DSC_0227-1024x680.jpg\" alt=\"\" data-id=\"334\" data-full-url=\"https:\/\/wp-dev.ufpel.edu.br\/gutenberg\/wp-content\/uploads\/sites\/6\/2019\/04\/DSC_0227.jpg\" data-link=\"https:\/\/wp-dev.ufpel.edu.br\/gutenberg\/dsc_0227\/\" class=\"wp-image-334\" srcset=\"https:\/\/wp-dev.ufpel.edu.br\/gutenberg\/wp-content\/uploads\/sites\/6\/2019\/04\/DSC_0227-1024x680.jpg 1024w, https:\/\/wp-dev.ufpel.edu.br\/gutenberg\/wp-content\/uploads\/sites\/6\/2019\/04\/DSC_0227-400x266.jpg 400w, https:\/\/wp-dev.ufpel.edu.br\/gutenberg\/wp-content\/uploads\/sites\/6\/2019\/04\/DSC_0227-768x510.jpg 768w\" sizes=\"auto, (max-width: 1024px) 100vw, 1024px\" \/><\/figure><\/li><li class=\"blocks-gallery-item\"><figure><img loading=\"lazy\" decoding=\"async\" width=\"1024\" height=\"683\" src=\"https:\/\/wp-dev.ufpel.edu.br\/gutenberg\/wp-content\/uploads\/sites\/6\/2019\/04\/011-Casar\u00e3o-8-1024x683.jpg\" alt=\"\" data-id=\"333\" data-full-url=\"https:\/\/wp-dev.ufpel.edu.br\/gutenberg\/wp-content\/uploads\/sites\/6\/2019\/04\/011-Casar\u00e3o-8.jpg\" data-link=\"https:\/\/wp-dev.ufpel.edu.br\/gutenberg\/011-casarao-8\/\" class=\"wp-image-333\" srcset=\"https:\/\/wp-dev.ufpel.edu.br\/gutenberg\/wp-content\/uploads\/sites\/6\/2019\/04\/011-Casar\u00e3o-8-1024x683.jpg 1024w, https:\/\/wp-dev.ufpel.edu.br\/gutenberg\/wp-content\/uploads\/sites\/6\/2019\/04\/011-Casar\u00e3o-8-400x267.jpg 400w, https:\/\/wp-dev.ufpel.edu.br\/gutenberg\/wp-content\/uploads\/sites\/6\/2019\/04\/011-Casar\u00e3o-8-768x512.jpg 768w, https:\/\/wp-dev.ufpel.edu.br\/gutenberg\/wp-content\/uploads\/sites\/6\/2019\/04\/011-Casar\u00e3o-8.jpg 1620w\" sizes=\"auto, (max-width: 1024px) 100vw, 1024px\" \/><\/figure><\/li><li class=\"blocks-gallery-item\"><figure><img loading=\"lazy\" decoding=\"async\" width=\"1024\" height=\"658\" src=\"https:\/\/wp-dev.ufpel.edu.br\/gutenberg\/wp-content\/uploads\/sites\/6\/2019\/04\/3-1024x658.jpg\" alt=\"\" data-id=\"332\" data-full-url=\"https:\/\/wp-dev.ufpel.edu.br\/gutenberg\/wp-content\/uploads\/sites\/6\/2019\/04\/3.jpg\" data-link=\"https:\/\/wp-dev.ufpel.edu.br\/gutenberg\/3\/\" class=\"wp-image-332\" srcset=\"https:\/\/wp-dev.ufpel.edu.br\/gutenberg\/wp-content\/uploads\/sites\/6\/2019\/04\/3-1024x658.jpg 1024w, https:\/\/wp-dev.ufpel.edu.br\/gutenberg\/wp-content\/uploads\/sites\/6\/2019\/04\/3-400x257.jpg 400w, https:\/\/wp-dev.ufpel.edu.br\/gutenberg\/wp-content\/uploads\/sites\/6\/2019\/04\/3-768x494.jpg 768w\" sizes=\"auto, (max-width: 1024px) 100vw, 1024px\" \/><\/figure><\/li><li class=\"blocks-gallery-item\"><figure><img loading=\"lazy\" decoding=\"async\" width=\"200\" height=\"200\" src=\"https:\/\/wp-dev.ufpel.edu.br\/gutenberg\/wp-content\/uploads\/sites\/6\/2019\/08\/DSC_0032-200x200.jpg\" alt=\"\" data-id=\"440\" data-full-url=\"https:\/\/wp-dev.ufpel.edu.br\/gutenberg\/wp-content\/uploads\/sites\/6\/2019\/08\/DSC_0032-200x200.jpg\" data-link=\"https:\/\/wp-dev.ufpel.edu.br\/gutenberg\/kadence-blocks\/dsc_0032-200x200\/\" class=\"wp-image-440\"\/><\/figure><\/li><li class=\"blocks-gallery-item\"><figure><img loading=\"lazy\" decoding=\"async\" width=\"600\" height=\"400\" src=\"https:\/\/wp-dev.ufpel.edu.br\/gutenberg\/wp-content\/uploads\/sites\/6\/2019\/08\/Centro-de-Pesquisas.jpg\" alt=\"\" data-id=\"438\" data-full-url=\"https:\/\/wp-dev.ufpel.edu.br\/gutenberg\/wp-content\/uploads\/sites\/6\/2019\/08\/Centro-de-Pesquisas.jpg\" data-link=\"https:\/\/wp-dev.ufpel.edu.br\/gutenberg\/kadence-blocks\/centro-de-pesquisas\/\" class=\"wp-image-438\" srcset=\"https:\/\/wp-dev.ufpel.edu.br\/gutenberg\/wp-content\/uploads\/sites\/6\/2019\/08\/Centro-de-Pesquisas.jpg 600w, https:\/\/wp-dev.ufpel.edu.br\/gutenberg\/wp-content\/uploads\/sites\/6\/2019\/08\/Centro-de-Pesquisas-400x267.jpg 400w\" sizes=\"auto, (max-width: 600px) 100vw, 600px\" \/><\/figure><\/li><\/ul><\/figure>\n\n\n\n<p><\/p>\n<\/div>\n<\/div><div class=\"ghostkit-carousel-arrow-prev-icon\"><span class=\"fas fa-angle-left\"><\/span><\/div><div class=\"ghostkit-carousel-arrow-next-icon\"><span class=\"fas fa-angle-right\"><\/span><\/div><\/div>\n\n\n\n<h2 class=\"wp-block-heading\" id=\"tabs\">Tabs<\/h2>\n\n\n\n<div class=\"ghostkit-tabs\" data-tab-active=\"tab-aba-2\"><div class=\"ghostkit-tabs-buttons ghostkit-tabs-buttons-align-start\"><a href=\"#tab-aba-1\" class=\"ghostkit-tabs-buttons-item\">Aba 1<\/a><a href=\"#tab-aba-2\" class=\"ghostkit-tabs-buttons-item\">Aba 2<\/a><\/div><div class=\"ghostkit-tabs-content\">\n<div class=\"ghostkit-tab\" data-tab=\"tab-aba-1\">\n<p>Texto da primeira aba.. nonono nono nono noononon o no nonon nonon onononon on onono nononon on no nonon noono non onon nonono nono nono noononon o no nonon nonon onononon on onono nononon on no nonon noono non onon  nonono nono nono noononon o no nonon nonon onononon on onono nononon on no nonon noono non onon <\/p>\n<\/div>\n\n\n\n<div class=\"ghostkit-tab\" data-tab=\"tab-aba-2\">\n<blockquote class=\"wp-block-quote is-layout-flow wp-block-quote-is-layout-flow\"><p>Bloco cita\u00e7\u00e3o dentro do conte\u00fado da segunda aba<\/p><cite>Testando&#8230; 1, 2, 3<\/cite><\/blockquote>\n\n\n\n<p>E um par\u00e1grafo normal&#8230;<\/p>\n\n\n\n<p>nonono nono nono noononon o no nonon nonon onononon on onono nononon on no nonon noono non onon <\/p>\n<\/div>\n<\/div><\/div>\n\n\n\n<h2 class=\"wp-block-heading\" id=\"icon-box\">Icon Box<\/h2>\n\n\n\n<div class=\"wp-block-columns is-layout-flex wp-container-core-columns-is-layout-9d6595d7 wp-block-columns-is-layout-flex\">\n<div class=\"wp-block-column is-layout-flow wp-block-column-is-layout-flow\">\n<div class=\"ghostkit-icon-box ghostkit-custom-oj5kc\"><div class=\"ghostkit-icon-box-icon ghostkit-icon-box-icon-align-top\"><span class=\"fas fa-chalkboard-teacher\"><\/span><\/div><div class=\"ghostkit-icon-box-content\">\n<p class=\"has-text-align-center\">Ensino<\/p>\n<\/div><\/div>\n<\/div>\n\n\n\n<div class=\"wp-block-column is-layout-flow wp-block-column-is-layout-flow\">\n<div class=\"ghostkit-icon-box ghostkit-custom-1QmKfB\"><div class=\"ghostkit-icon-box-icon ghostkit-icon-box-icon-align-top\"><span class=\"fas fa-vial\"><\/span><\/div><div class=\"ghostkit-icon-box-content\">\n<p class=\"has-text-align-center\">Pesquisa<\/p>\n<\/div><\/div>\n<\/div>\n\n\n\n<div class=\"wp-block-column is-layout-flow wp-block-column-is-layout-flow\">\n<div class=\"ghostkit-icon-box ghostkit-custom-UpBCJ\"><div class=\"ghostkit-icon-box-icon ghostkit-icon-box-icon-align-top\"><span class=\"fas fa-clipboard\"><\/span><\/div><div class=\"ghostkit-icon-box-content\">\n<p class=\"has-text-align-center\">Extens\u00e3o<\/p>\n<\/div><\/div>\n<\/div>\n<\/div>\n\n\n\n<h2 class=\"wp-block-heading\" id=\"number-box\">Number Box<\/h2>\n\n\n\n<div class=\"ghostkit-counter-box ghostkit-custom-ZBsml\"><div class=\"ghostkit-counter-box-number ghostkit-counter-box-number-align-left\"><div class=\"ghostkit-counter-box-number-wrap ghostkit-count-up\">5<\/div><\/div><div class=\"ghostkit-counter-box-content\">\n<p>Servidores dedicados<\/p>\n<\/div><\/div>\n\n\n\n<div class=\"ghostkit-counter-box ghostkit-custom-2wJJSq\"><div class=\"ghostkit-counter-box-number ghostkit-counter-box-number-align-left\"><div class=\"ghostkit-counter-box-number-wrap ghostkit-count-up\">841<\/div><\/div><div class=\"ghostkit-counter-box-content\">\n<p>Websites institucionais<\/p>\n<\/div><\/div>\n\n\n\n<div class=\"ghostkit-counter-box ghostkit-custom-9LMhF\"><div class=\"ghostkit-counter-box-number ghostkit-counter-box-number-align-left\"><div class=\"ghostkit-counter-box-number-wrap ghostkit-count-up\">20000<\/div><\/div><div class=\"ghostkit-counter-box-content\">\n<p>Acessos di\u00e1rios<\/p>\n<\/div><\/div>\n\n\n\n<h2 class=\"wp-block-heading\" id=\"countdown\">Countdown<\/h2>\n\n\n\n<p>Contagem regressiva para 2020:<\/p>\n\n\n\n<div class=\"ghostkit-countdown ghostkit-custom-Z1Yr9av\" data-date=\"2020-01-01T00:00:00\"><div class=\"ghostkit-countdown-unit ghostkit-countdown-unit-days\"><span class=\"ghostkit-countdown-unit-number\">00<\/span><span class=\"ghostkit-countdown-unit-label\">days<\/span><\/div><div class=\"ghostkit-countdown-unit ghostkit-countdown-unit-hours\"><span class=\"ghostkit-countdown-unit-number\">00<\/span><span class=\"ghostkit-countdown-unit-label\">hours<\/span><\/div><div class=\"ghostkit-countdown-unit ghostkit-countdown-unit-minutes\"><span class=\"ghostkit-countdown-unit-number\">00<\/span><span class=\"ghostkit-countdown-unit-label\">minutes<\/span><\/div><div class=\"ghostkit-countdown-unit ghostkit-countdown-unit-seconds\"><span class=\"ghostkit-countdown-unit-number\">00<\/span><span class=\"ghostkit-countdown-unit-label\">seconds<\/span><\/div><div class=\"ghostkit-countdown-expire-action\">\n<p>2020 chegou!<\/p>\n<\/div><\/div>\n\n\n\n<h2 class=\"wp-block-heading\" id=\"instagram\">Instagram<\/h2>\n\n\n\n<p>Requer chave de API externa (pixelunion)<\/p>\n","protected":false},"excerpt":{"rendered":"<p>Disponibiliza FontAwesome Permite configurar a tipografia do body, bot\u00f5es e cabe\u00e7alho Permite inserir CSS e Javascript no head e body Adiciona as seguintes configura\u00e7\u00f5es para todos os blocos:Spacings, Display, Animate on Scroll, Custom CSS Oferece templates de blocos prontos e permite criar templates personalizados para posts e p\u00e1ginas Carousel Pode ser utilizado qualquer bloco dentro &hellip; <\/p>\n<p class=\"link-more\"><a href=\"https:\/\/wp-dev.ufpel.edu.br\/gutenberg\/ghostkit\/\" class=\"more-link\">Continue lendo<span class=\"screen-reader-text\"> &#8220;GhostKit&#8221;<\/span><\/a><\/p>\n","protected":false},"author":1,"featured_media":0,"parent":0,"menu_order":0,"comment_status":"closed","ping_status":"closed","template":"","meta":{"jetpack_post_was_ever_published":false,"footnotes":""},"class_list":["post-458","page","type-page","status-publish","hentry","entry"],"jetpack_sharing_enabled":true,"_links":{"self":[{"href":"https:\/\/wp-dev.ufpel.edu.br\/gutenberg\/wp-json\/wp\/v2\/pages\/458","targetHints":{"allow":["GET"]}}],"collection":[{"href":"https:\/\/wp-dev.ufpel.edu.br\/gutenberg\/wp-json\/wp\/v2\/pages"}],"about":[{"href":"https:\/\/wp-dev.ufpel.edu.br\/gutenberg\/wp-json\/wp\/v2\/types\/page"}],"author":[{"embeddable":true,"href":"https:\/\/wp-dev.ufpel.edu.br\/gutenberg\/wp-json\/wp\/v2\/users\/1"}],"replies":[{"embeddable":true,"href":"https:\/\/wp-dev.ufpel.edu.br\/gutenberg\/wp-json\/wp\/v2\/comments?post=458"}],"version-history":[{"count":24,"href":"https:\/\/wp-dev.ufpel.edu.br\/gutenberg\/wp-json\/wp\/v2\/pages\/458\/revisions"}],"predecessor-version":[{"id":584,"href":"https:\/\/wp-dev.ufpel.edu.br\/gutenberg\/wp-json\/wp\/v2\/pages\/458\/revisions\/584"}],"wp:attachment":[{"href":"https:\/\/wp-dev.ufpel.edu.br\/gutenberg\/wp-json\/wp\/v2\/media?parent=458"}],"curies":[{"name":"wp","href":"https:\/\/api.w.org\/{rel}","templated":true}]}}