{"id":4,"date":"2018-08-08T13:15:12","date_gmt":"2018-08-08T16:15:12","guid":{"rendered":"https:\/\/wp-dev.ufpel.edu.br\/testecloner\/?page_id=4"},"modified":"2018-08-08T13:15:12","modified_gmt":"2018-08-08T16:15:12","slug":"linhas-de-pesquisa","status":"publish","type":"page","link":"https:\/\/wp-dev.ufpel.edu.br\/testecloner\/linhas-de-pesquisa\/","title":{"rendered":"Linhas de Pesquisa"},"content":{"rendered":"<p>Liste aqui as linhas de pesquisa e \u00e1reas de concentra\u00e7\u00e3o do Programa.<\/p>\n","protected":false},"excerpt":{"rendered":"<p>Liste aqui as linhas de pesquisa e \u00e1reas de concentra\u00e7\u00e3o do Programa.<\/p>\n","protected":false},"author":1,"featured_media":0,"parent":0,"menu_order":0,"comment_status":"closed","ping_status":"closed","template":"","meta":{"footnotes":""},"class_list":["post-4","page","type-page","status-publish","hentry"],"_links":{"self":[{"href":"https:\/\/wp-dev.ufpel.edu.br\/testecloner\/wp-json\/wp\/v2\/pages\/4","targetHints":{"allow":["GET"]}}],"collection":[{"href":"https:\/\/wp-dev.ufpel.edu.br\/testecloner\/wp-json\/wp\/v2\/pages"}],"about":[{"href":"https:\/\/wp-dev.ufpel.edu.br\/testecloner\/wp-json\/wp\/v2\/types\/page"}],"author":[{"embeddable":true,"href":"https:\/\/wp-dev.ufpel.edu.br\/testecloner\/wp-json\/wp\/v2\/users\/1"}],"replies":[{"embeddable":true,"href":"https:\/\/wp-dev.ufpel.edu.br\/testecloner\/wp-json\/wp\/v2\/comments?post=4"}],"version-history":[{"count":1,"href":"https:\/\/wp-dev.ufpel.edu.br\/testecloner\/wp-json\/wp\/v2\/pages\/4\/revisions"}],"predecessor-version":[{"id":6,"href":"https:\/\/wp-dev.ufpel.edu.br\/testecloner\/wp-json\/wp\/v2\/pages\/4\/revisions\/6"}],"wp:attachment":[{"href":"https:\/\/wp-dev.ufpel.edu.br\/testecloner\/wp-json\/wp\/v2\/media?parent=4"}],"curies":[{"name":"wp","href":"https:\/\/api.w.org\/{rel}","templated":true}]}}